{"id":49564,"date":"2023-05-05T09:41:43","date_gmt":"2023-05-05T07:41:43","guid":{"rendered":"https:\/\/arketipo.com\/prodotto\/numa\/"},"modified":"2025-07-29T08:33:46","modified_gmt":"2025-07-29T06:33:46","slug":"numa","status":"publish","type":"product","link":"https:\/\/arketipo.com\/fr\/prodotto\/numa\/","title":{"rendered":"Numa"},"content":{"rendered":"<p>\u00c7a ne devrait \u00eatre une surprise pour personne d\u2019apprendre que, quand il s\u2019agit de donner l\u2019impression que des chaises sont suspendues ou capables de contraster la composition de la pi\u00e8ce avec une forme qui leur est propre, le ma\u00eetre en la mati\u00e8re soit Giuseppe Vigan\u00f2.<\/p>\n<p>Numa, qui signifie plaisir en arabe, ne se limite pas \u00e0 un nom, c\u2019est \u00e9galement la fa\u00e7on dont la chaise apporte de l\u2019\u00e9quilibre dans l\u2019espace o\u00f9 elle se trouve. Un peu Art d\u00e9co, un peu Art nouveau, NUMA est l\u2019expression d\u2019un design qui comprend o\u00f9 trouver un chef d\u2019\u0153uvre intemporel : chez vous.<\/p>\n<p>L\u00e9g\u00e8re mais robuste, d\u00e9licate mais affirm\u00e9e. R\u00e9alis\u00e9e en acier bross\u00e9, elle peut tromper au premier regard mais il suffit de s\u2019approcher pour \u00eatre v\u00e9ritablement touch\u00e9.<\/p>\n","protected":false},"excerpt":{"rendered":"<p>\u00c7a ne devrait \u00eatre une surprise pour personne d\u2019apprendre que, quand il s\u2019agit de donner l\u2019impression que des chaises sont suspendues ou capables de contraster la composition de la pi\u00e8ce avec une forme qui leur est propre, le ma\u00eetre en la mati\u00e8re soit Giuseppe Vigan\u00f2. Numa, qui signifie plaisir en arabe, ne se limite pas [&hellip;]<\/p>\n","protected":false},"featured_media":39564,"comment_status":"closed","ping_status":"closed","template":"","meta":[],"product_brand":[],"product_cat":[195,187],"product_tag":[],"class_list":{"0":"post-49564","1":"product","2":"type-product","3":"status-publish","4":"has-post-thumbnail","6":"product_cat-chaises","7":"product_cat-indoor-fr","9":"first","10":"instock","11":"product-type-simple"},"_links":{"self":[{"href":"https:\/\/arketipo.com\/fr\/wp-json\/wp\/v2\/product\/49564","targetHints":{"allow":["GET"]}}],"collection":[{"href":"https:\/\/arketipo.com\/fr\/wp-json\/wp\/v2\/product"}],"about":[{"href":"https:\/\/arketipo.com\/fr\/wp-json\/wp\/v2\/types\/product"}],"replies":[{"embeddable":true,"href":"https:\/\/arketipo.com\/fr\/wp-json\/wp\/v2\/comments?post=49564"}],"wp:featuredmedia":[{"embeddable":true,"href":"https:\/\/arketipo.com\/fr\/wp-json\/wp\/v2\/media\/39564"}],"wp:attachment":[{"href":"https:\/\/arketipo.com\/fr\/wp-json\/wp\/v2\/media?parent=49564"}],"wp:term":[{"taxonomy":"product_brand","embeddable":true,"href":"https:\/\/arketipo.com\/fr\/wp-json\/wp\/v2\/product_brand?post=49564"},{"taxonomy":"product_cat","embeddable":true,"href":"https:\/\/arketipo.com\/fr\/wp-json\/wp\/v2\/product_cat?post=49564"},{"taxonomy":"product_tag","embeddable":true,"href":"https:\/\/arketipo.com\/fr\/wp-json\/wp\/v2\/product_tag?post=49564"}],"curies":[{"name":"wp","href":"https:\/\/api.w.org\/{rel}","templated":true}]}}