{"id":49566,"date":"2023-03-14T17:26:10","date_gmt":"2023-03-14T16:26:10","guid":{"rendered":"https:\/\/arketipo.com\/prodotto\/venus\/"},"modified":"2026-03-18T17:22:26","modified_gmt":"2026-03-18T16:22:26","slug":"venus","status":"publish","type":"product","link":"https:\/\/arketipo.com\/fr\/prodotto\/venus\/","title":{"rendered":"V\u00e9nus"},"content":{"rendered":"<p>Au premier abord, elle a un aspect rigide et, en fait, Venus est le genre de chaise qu&rsquo;il faut regarder deux fois.<\/p>\n<p>Les trois pieds cr\u00e9ent <strong>une structure solide<\/strong> tout en enveloppant le cadre et en contrastant avec la forme des \u00e9l\u00e9ments rembourr\u00e9s. Venus est<strong>con\u00e7u pour attirer votre attention.<\/strong> Le fait-elle maintenant ? <\/p>\n","protected":false},"excerpt":{"rendered":"<p>Au premier abord, elle a un aspect rigide et, en fait, Venus est le genre de chaise qu&rsquo;il faut regarder deux fois. Les trois pieds cr\u00e9ent une structure solide tout en enveloppant le cadre et en contrastant avec la forme des \u00e9l\u00e9ments rembourr\u00e9s. Venus estcon\u00e7u pour attirer votre attention. Le fait-elle maintenant ?<\/p>\n","protected":false},"featured_media":60264,"comment_status":"closed","ping_status":"closed","template":"","meta":[],"product_brand":[],"product_cat":[195,187,157],"product_tag":[],"class_list":{"0":"post-49566","1":"product","2":"type-product","3":"status-publish","4":"has-post-thumbnail","6":"product_cat-chaises","7":"product_cat-indoor-fr","8":"product_cat-non-categorise","10":"first","11":"instock","12":"product-type-simple"},"_links":{"self":[{"href":"https:\/\/arketipo.com\/fr\/wp-json\/wp\/v2\/product\/49566","targetHints":{"allow":["GET"]}}],"collection":[{"href":"https:\/\/arketipo.com\/fr\/wp-json\/wp\/v2\/product"}],"about":[{"href":"https:\/\/arketipo.com\/fr\/wp-json\/wp\/v2\/types\/product"}],"replies":[{"embeddable":true,"href":"https:\/\/arketipo.com\/fr\/wp-json\/wp\/v2\/comments?post=49566"}],"wp:featuredmedia":[{"embeddable":true,"href":"https:\/\/arketipo.com\/fr\/wp-json\/wp\/v2\/media\/60264"}],"wp:attachment":[{"href":"https:\/\/arketipo.com\/fr\/wp-json\/wp\/v2\/media?parent=49566"}],"wp:term":[{"taxonomy":"product_brand","embeddable":true,"href":"https:\/\/arketipo.com\/fr\/wp-json\/wp\/v2\/product_brand?post=49566"},{"taxonomy":"product_cat","embeddable":true,"href":"https:\/\/arketipo.com\/fr\/wp-json\/wp\/v2\/product_cat?post=49566"},{"taxonomy":"product_tag","embeddable":true,"href":"https:\/\/arketipo.com\/fr\/wp-json\/wp\/v2\/product_tag?post=49566"}],"curies":[{"name":"wp","href":"https:\/\/api.w.org\/{rel}","templated":true}]}}