{"id":49568,"date":"2023-03-14T17:26:10","date_gmt":"2023-03-14T16:26:10","guid":{"rendered":"https:\/\/arketipo.com\/prodotto\/victoria\/"},"modified":"2025-07-29T08:33:50","modified_gmt":"2025-07-29T06:33:50","slug":"victoria","status":"publish","type":"product","link":"https:\/\/arketipo.com\/fr\/prodotto\/victoria\/","title":{"rendered":"Victoria"},"content":{"rendered":"<p>La ligne est une interaction g\u00e9om\u00e9trique entre libert\u00e9 d&rsquo;expression et \u00e9l\u00e9gance formelle.<\/p>\n<p>Un amoureux du design qui suit la beaut\u00e9 des lignes abstraites et conscientes. Une sorte de ballon de basket, divis\u00e9 mais ouvert vers l&rsquo;ext\u00e9rieur pour accueillir les bras.<\/p>\n<p>Le cuir souple est un plaisir pour les sens, au-del\u00e0 de l&rsquo;esth\u00e9tique.<\/p>\n","protected":false},"excerpt":{"rendered":"<p>La ligne est une interaction g\u00e9om\u00e9trique entre libert\u00e9 d&rsquo;expression et \u00e9l\u00e9gance formelle. Un amoureux du design qui suit la beaut\u00e9 des lignes abstraites et conscientes. Une sorte de ballon de basket, divis\u00e9 mais ouvert vers l&rsquo;ext\u00e9rieur pour accueillir les bras. Le cuir souple est un plaisir pour les sens, au-del\u00e0 de l&rsquo;esth\u00e9tique.<\/p>\n","protected":false},"featured_media":34044,"comment_status":"closed","ping_status":"closed","template":"","meta":[],"product_brand":[],"product_cat":[195,187,157],"product_tag":[],"class_list":{"0":"post-49568","1":"product","2":"type-product","3":"status-publish","4":"has-post-thumbnail","6":"product_cat-chaises","7":"product_cat-indoor-fr","8":"product_cat-non-categorise","10":"first","11":"instock","12":"product-type-simple"},"_links":{"self":[{"href":"https:\/\/arketipo.com\/fr\/wp-json\/wp\/v2\/product\/49568","targetHints":{"allow":["GET"]}}],"collection":[{"href":"https:\/\/arketipo.com\/fr\/wp-json\/wp\/v2\/product"}],"about":[{"href":"https:\/\/arketipo.com\/fr\/wp-json\/wp\/v2\/types\/product"}],"replies":[{"embeddable":true,"href":"https:\/\/arketipo.com\/fr\/wp-json\/wp\/v2\/comments?post=49568"}],"wp:featuredmedia":[{"embeddable":true,"href":"https:\/\/arketipo.com\/fr\/wp-json\/wp\/v2\/media\/34044"}],"wp:attachment":[{"href":"https:\/\/arketipo.com\/fr\/wp-json\/wp\/v2\/media?parent=49568"}],"wp:term":[{"taxonomy":"product_brand","embeddable":true,"href":"https:\/\/arketipo.com\/fr\/wp-json\/wp\/v2\/product_brand?post=49568"},{"taxonomy":"product_cat","embeddable":true,"href":"https:\/\/arketipo.com\/fr\/wp-json\/wp\/v2\/product_cat?post=49568"},{"taxonomy":"product_tag","embeddable":true,"href":"https:\/\/arketipo.com\/fr\/wp-json\/wp\/v2\/product_tag?post=49568"}],"curies":[{"name":"wp","href":"https:\/\/api.w.org\/{rel}","templated":true}]}}