{"id":49569,"date":"2023-03-14T17:26:09","date_gmt":"2023-03-14T16:26:09","guid":{"rendered":"https:\/\/arketipo.com\/prodotto\/twiggy\/"},"modified":"2025-07-29T08:33:51","modified_gmt":"2025-07-29T06:33:51","slug":"twiggy","status":"publish","type":"product","link":"https:\/\/arketipo.com\/fr\/prodotto\/twiggy\/","title":{"rendered":"Twiggy"},"content":{"rendered":"<p>There is no need to dress like everyone else.<\/p>\n<p>It&rsquo;s much more fun to create your own look.<\/p>\n<p>Twiggy, petit fauteuil \u00e9clectique et personnalisable, au gout sophistiqu\u00e9 et retro, s&rsquo;inspire \u00e0 l&rsquo;id\u00e9e d&rsquo;un living chic, personnel et \u00e0 la mode. Le dossier en cuir capitonn\u00e9 se combine avec la housse de l&rsquo;assise et des accoudoirs. Le passepoil coordonn\u00e9 parcourt le p\u00e9rim\u00e8tre du fauteuil, comme un d\u00e9tail d&rsquo;haute couture. Deux finitions sont possibles pour la structure : titane ou marron micac\u00e9.<\/p>\n<p>Il y a un petit fauteuil Twiggy pour chacun, il faut seulement le cr\u00e9er.<\/p>\n","protected":false},"excerpt":{"rendered":"<p>There is no need to dress like everyone else. It&rsquo;s much more fun to create your own look. Twiggy, petit fauteuil \u00e9clectique et personnalisable, au gout sophistiqu\u00e9 et retro, s&rsquo;inspire \u00e0 l&rsquo;id\u00e9e d&rsquo;un living chic, personnel et \u00e0 la mode. Le dossier en cuir capitonn\u00e9 se combine avec la housse de l&rsquo;assise et des accoudoirs. [&hellip;]<\/p>\n","protected":false},"featured_media":33937,"comment_status":"closed","ping_status":"closed","template":"","meta":[],"product_brand":[],"product_cat":[194,187],"product_tag":[],"class_list":{"0":"post-49569","1":"product","2":"type-product","3":"status-publish","4":"has-post-thumbnail","6":"product_cat-canapes","7":"product_cat-indoor-fr","9":"first","10":"instock","11":"product-type-simple"},"_links":{"self":[{"href":"https:\/\/arketipo.com\/fr\/wp-json\/wp\/v2\/product\/49569","targetHints":{"allow":["GET"]}}],"collection":[{"href":"https:\/\/arketipo.com\/fr\/wp-json\/wp\/v2\/product"}],"about":[{"href":"https:\/\/arketipo.com\/fr\/wp-json\/wp\/v2\/types\/product"}],"replies":[{"embeddable":true,"href":"https:\/\/arketipo.com\/fr\/wp-json\/wp\/v2\/comments?post=49569"}],"wp:featuredmedia":[{"embeddable":true,"href":"https:\/\/arketipo.com\/fr\/wp-json\/wp\/v2\/media\/33937"}],"wp:attachment":[{"href":"https:\/\/arketipo.com\/fr\/wp-json\/wp\/v2\/media?parent=49569"}],"wp:term":[{"taxonomy":"product_brand","embeddable":true,"href":"https:\/\/arketipo.com\/fr\/wp-json\/wp\/v2\/product_brand?post=49569"},{"taxonomy":"product_cat","embeddable":true,"href":"https:\/\/arketipo.com\/fr\/wp-json\/wp\/v2\/product_cat?post=49569"},{"taxonomy":"product_tag","embeddable":true,"href":"https:\/\/arketipo.com\/fr\/wp-json\/wp\/v2\/product_tag?post=49569"}],"curies":[{"name":"wp","href":"https:\/\/api.w.org\/{rel}","templated":true}]}}