{"id":49571,"date":"2023-03-14T17:26:05","date_gmt":"2023-03-14T16:26:05","guid":{"rendered":"https:\/\/arketipo.com\/prodotto\/roxy\/"},"modified":"2025-07-29T08:33:52","modified_gmt":"2025-07-29T06:33:52","slug":"roxy","status":"publish","type":"product","link":"https:\/\/arketipo.com\/fr\/prodotto\/roxy\/","title":{"rendered":"Roxy"},"content":{"rendered":"<p>Un fauteuil \u00e9clectique \u00e0 la forme g\u00e9n\u00e9reuse et sinueuse, Roxy est caract\u00e9ris\u00e9 par une housse qui alterne des piqures sp\u00e9ciales \u00e0 des capitonnages importantes.<\/p>\n<p>Un design raffin\u00e9 et inusuel pour un fauteuil original qui s&rsquo;adapte \u00e0 toutes les ambiances. Le dossier haut comme un tr\u00f4ne moderne et l&rsquo;assise ample permettent des diff\u00e9rentes positions d&rsquo;appui, en accueillant le corps.<\/p>\n","protected":false},"excerpt":{"rendered":"<p>Un fauteuil \u00e9clectique \u00e0 la forme g\u00e9n\u00e9reuse et sinueuse, Roxy est caract\u00e9ris\u00e9 par une housse qui alterne des piqures sp\u00e9ciales \u00e0 des capitonnages importantes. Un design raffin\u00e9 et inusuel pour un fauteuil original qui s&rsquo;adapte \u00e0 toutes les ambiances. Le dossier haut comme un tr\u00f4ne moderne et l&rsquo;assise ample permettent des diff\u00e9rentes positions d&rsquo;appui, en [&hellip;]<\/p>\n","protected":false},"featured_media":33655,"comment_status":"closed","ping_status":"closed","template":"","meta":[],"product_brand":[],"product_cat":[194,187],"product_tag":[],"class_list":{"0":"post-49571","1":"product","2":"type-product","3":"status-publish","4":"has-post-thumbnail","6":"product_cat-canapes","7":"product_cat-indoor-fr","9":"first","10":"instock","11":"product-type-simple"},"_links":{"self":[{"href":"https:\/\/arketipo.com\/fr\/wp-json\/wp\/v2\/product\/49571","targetHints":{"allow":["GET"]}}],"collection":[{"href":"https:\/\/arketipo.com\/fr\/wp-json\/wp\/v2\/product"}],"about":[{"href":"https:\/\/arketipo.com\/fr\/wp-json\/wp\/v2\/types\/product"}],"replies":[{"embeddable":true,"href":"https:\/\/arketipo.com\/fr\/wp-json\/wp\/v2\/comments?post=49571"}],"wp:featuredmedia":[{"embeddable":true,"href":"https:\/\/arketipo.com\/fr\/wp-json\/wp\/v2\/media\/33655"}],"wp:attachment":[{"href":"https:\/\/arketipo.com\/fr\/wp-json\/wp\/v2\/media?parent=49571"}],"wp:term":[{"taxonomy":"product_brand","embeddable":true,"href":"https:\/\/arketipo.com\/fr\/wp-json\/wp\/v2\/product_brand?post=49571"},{"taxonomy":"product_cat","embeddable":true,"href":"https:\/\/arketipo.com\/fr\/wp-json\/wp\/v2\/product_cat?post=49571"},{"taxonomy":"product_tag","embeddable":true,"href":"https:\/\/arketipo.com\/fr\/wp-json\/wp\/v2\/product_tag?post=49571"}],"curies":[{"name":"wp","href":"https:\/\/api.w.org\/{rel}","templated":true}]}}