{"id":49572,"date":"2023-03-14T17:26:05","date_gmt":"2023-03-14T16:26:05","guid":{"rendered":"https:\/\/arketipo.com\/prodotto\/overdrive\/"},"modified":"2025-07-29T08:33:53","modified_gmt":"2025-07-29T06:33:53","slug":"overdrive","status":"publish","type":"product","link":"https:\/\/arketipo.com\/fr\/prodotto\/overdrive\/","title":{"rendered":"Overdrive"},"content":{"rendered":"<p>Onirique et attrayant, le fauteuil pivotant OVERDRIVE se distingue par sa grande pr\u00e9sence sc\u00e9nique.<\/p>\n<p>La forme dynamique diamant\u00e9e, aux proportions allong\u00e9es, s&rsquo;inspire du monde du cin\u00e9ma \u00ab fantasy \u00bb, dont elle propose une lecture ironique.<\/p>\n<p>Le r\u00e9sultat ? Un objet incontournable, attrayant et au caract\u00e8re prononc\u00e9, o\u00f9 l&rsquo;harmonie des associations de mat\u00e9riaux et nuances transcendant le contemporain cr\u00e9e un style de vie entre r\u00eave et provocation.<\/p>\n","protected":false},"excerpt":{"rendered":"<p>Onirique et attrayant, le fauteuil pivotant OVERDRIVE se distingue par sa grande pr\u00e9sence sc\u00e9nique. La forme dynamique diamant\u00e9e, aux proportions allong\u00e9es, s&rsquo;inspire du monde du cin\u00e9ma \u00ab fantasy \u00bb, dont elle propose une lecture ironique. Le r\u00e9sultat ? Un objet incontournable, attrayant et au caract\u00e8re prononc\u00e9, o\u00f9 l&rsquo;harmonie des associations de mat\u00e9riaux et nuances transcendant [&hellip;]<\/p>\n","protected":false},"featured_media":33604,"comment_status":"closed","ping_status":"closed","template":"","meta":[],"product_brand":[],"product_cat":[194,187],"product_tag":[],"class_list":{"0":"post-49572","1":"product","2":"type-product","3":"status-publish","4":"has-post-thumbnail","6":"product_cat-canapes","7":"product_cat-indoor-fr","9":"first","10":"instock","11":"product-type-simple"},"_links":{"self":[{"href":"https:\/\/arketipo.com\/fr\/wp-json\/wp\/v2\/product\/49572","targetHints":{"allow":["GET"]}}],"collection":[{"href":"https:\/\/arketipo.com\/fr\/wp-json\/wp\/v2\/product"}],"about":[{"href":"https:\/\/arketipo.com\/fr\/wp-json\/wp\/v2\/types\/product"}],"replies":[{"embeddable":true,"href":"https:\/\/arketipo.com\/fr\/wp-json\/wp\/v2\/comments?post=49572"}],"wp:featuredmedia":[{"embeddable":true,"href":"https:\/\/arketipo.com\/fr\/wp-json\/wp\/v2\/media\/33604"}],"wp:attachment":[{"href":"https:\/\/arketipo.com\/fr\/wp-json\/wp\/v2\/media?parent=49572"}],"wp:term":[{"taxonomy":"product_brand","embeddable":true,"href":"https:\/\/arketipo.com\/fr\/wp-json\/wp\/v2\/product_brand?post=49572"},{"taxonomy":"product_cat","embeddable":true,"href":"https:\/\/arketipo.com\/fr\/wp-json\/wp\/v2\/product_cat?post=49572"},{"taxonomy":"product_tag","embeddable":true,"href":"https:\/\/arketipo.com\/fr\/wp-json\/wp\/v2\/product_tag?post=49572"}],"curies":[{"name":"wp","href":"https:\/\/api.w.org\/{rel}","templated":true}]}}