{"id":49573,"date":"2023-03-14T17:26:02","date_gmt":"2023-03-14T16:26:02","guid":{"rendered":"https:\/\/arketipo.com\/prodotto\/lol\/"},"modified":"2025-07-29T08:33:54","modified_gmt":"2025-07-29T06:33:54","slug":"lol","status":"publish","type":"product","link":"https:\/\/arketipo.com\/fr\/prodotto\/lol\/","title":{"rendered":"Lol:)"},"content":{"rendered":"<p>LOL \ud83d\ude42 est un fauteuil jeune, fraiche et d\u00e9contract\u00e9 comme le langage des chats, dans lequel les abr\u00e9viations \u00e9voluent et bouleversent la conversation.<\/p>\n<p>La forme rappelle une fleur semi-ferm\u00e9e aux p\u00e9tales confortables, souples et moulants unis entre eux par des fermetures \u00e9clair; un d\u00e9tail fort et distinctif.<\/p>\n<p>LOL \ud83d\ude42 est un fauteuil joyeux avec des couleurs fortes ou avec des contrastes audacieux; il est cool et trendy avec des tissus \u00e9l\u00e9gants et ton sur ton.<\/p>\n","protected":false},"excerpt":{"rendered":"<p>LOL \ud83d\ude42 est un fauteuil jeune, fraiche et d\u00e9contract\u00e9 comme le langage des chats, dans lequel les abr\u00e9viations \u00e9voluent et bouleversent la conversation. La forme rappelle une fleur semi-ferm\u00e9e aux p\u00e9tales confortables, souples et moulants unis entre eux par des fermetures \u00e9clair; un d\u00e9tail fort et distinctif. LOL \ud83d\ude42 est un fauteuil joyeux avec des [&hellip;]<\/p>\n","protected":false},"featured_media":33446,"comment_status":"closed","ping_status":"closed","template":"","meta":[],"product_brand":[],"product_cat":[194,187],"product_tag":[],"class_list":{"0":"post-49573","1":"product","2":"type-product","3":"status-publish","4":"has-post-thumbnail","6":"product_cat-canapes","7":"product_cat-indoor-fr","9":"first","10":"instock","11":"product-type-simple"},"_links":{"self":[{"href":"https:\/\/arketipo.com\/fr\/wp-json\/wp\/v2\/product\/49573","targetHints":{"allow":["GET"]}}],"collection":[{"href":"https:\/\/arketipo.com\/fr\/wp-json\/wp\/v2\/product"}],"about":[{"href":"https:\/\/arketipo.com\/fr\/wp-json\/wp\/v2\/types\/product"}],"replies":[{"embeddable":true,"href":"https:\/\/arketipo.com\/fr\/wp-json\/wp\/v2\/comments?post=49573"}],"wp:featuredmedia":[{"embeddable":true,"href":"https:\/\/arketipo.com\/fr\/wp-json\/wp\/v2\/media\/33446"}],"wp:attachment":[{"href":"https:\/\/arketipo.com\/fr\/wp-json\/wp\/v2\/media?parent=49573"}],"wp:term":[{"taxonomy":"product_brand","embeddable":true,"href":"https:\/\/arketipo.com\/fr\/wp-json\/wp\/v2\/product_brand?post=49573"},{"taxonomy":"product_cat","embeddable":true,"href":"https:\/\/arketipo.com\/fr\/wp-json\/wp\/v2\/product_cat?post=49573"},{"taxonomy":"product_tag","embeddable":true,"href":"https:\/\/arketipo.com\/fr\/wp-json\/wp\/v2\/product_tag?post=49573"}],"curies":[{"name":"wp","href":"https:\/\/api.w.org\/{rel}","templated":true}]}}