{"id":49574,"date":"2023-03-14T17:26:01","date_gmt":"2023-03-14T16:26:01","guid":{"rendered":"https:\/\/arketipo.com\/prodotto\/jupiter-lite\/"},"modified":"2025-07-29T08:33:55","modified_gmt":"2025-07-29T06:33:55","slug":"jupiter-lite","status":"publish","type":"product","link":"https:\/\/arketipo.com\/fr\/prodotto\/jupiter-lite\/","title":{"rendered":"Jupiter Lite"},"content":{"rendered":"<p>L&rsquo;incroyable l\u00e9g\u00e8ret\u00e9 est l&rsquo;essence du fauteuil Jupiter Lite, le r\u00e9sultat de la recherch\u00e9 stylistique et innovatrice de Arketipo Firenze.<\/p>\n<p>D\u00e9j\u00e0 fort d&rsquo;un grand consensus populaire, le designer Mauro Lipparini a cr\u00e9e la version Lite avec la coque en polyur\u00e9thane, plus uniforme et lisse par rapport \u00e0 la coque en fibre de verre. Le r\u00e9sultat est un fauteuil tr\u00e8s flexible et versatile.<\/p>\n<p>La coque, en plus, peut \u00eatre recouverte de cuir Pelle Leonardo et la structure est disponible non seulement dans les finitions marron micac\u00e9 et titane, mais aussi dans la version black nickel.<\/p>\n<p>L&rsquo;\u00e9quilibre des formes et le gout d&rsquo;un style sans temps, rendent \u00a0Jupiter Lite un \u00e9l\u00e9ment cl\u00e9 pour la zone living.<\/p>\n","protected":false},"excerpt":{"rendered":"<p>L&rsquo;incroyable l\u00e9g\u00e8ret\u00e9 est l&rsquo;essence du fauteuil Jupiter Lite, le r\u00e9sultat de la recherch\u00e9 stylistique et innovatrice de Arketipo Firenze. D\u00e9j\u00e0 fort d&rsquo;un grand consensus populaire, le designer Mauro Lipparini a cr\u00e9e la version Lite avec la coque en polyur\u00e9thane, plus uniforme et lisse par rapport \u00e0 la coque en fibre de verre. Le r\u00e9sultat est [&hellip;]<\/p>\n","protected":false},"featured_media":59722,"comment_status":"closed","ping_status":"closed","template":"","meta":[],"product_brand":[],"product_cat":[194,187],"product_tag":[],"class_list":{"0":"post-49574","1":"product","2":"type-product","3":"status-publish","4":"has-post-thumbnail","6":"product_cat-canapes","7":"product_cat-indoor-fr","9":"first","10":"instock","11":"product-type-simple"},"_links":{"self":[{"href":"https:\/\/arketipo.com\/fr\/wp-json\/wp\/v2\/product\/49574","targetHints":{"allow":["GET"]}}],"collection":[{"href":"https:\/\/arketipo.com\/fr\/wp-json\/wp\/v2\/product"}],"about":[{"href":"https:\/\/arketipo.com\/fr\/wp-json\/wp\/v2\/types\/product"}],"replies":[{"embeddable":true,"href":"https:\/\/arketipo.com\/fr\/wp-json\/wp\/v2\/comments?post=49574"}],"wp:featuredmedia":[{"embeddable":true,"href":"https:\/\/arketipo.com\/fr\/wp-json\/wp\/v2\/media\/59722"}],"wp:attachment":[{"href":"https:\/\/arketipo.com\/fr\/wp-json\/wp\/v2\/media?parent=49574"}],"wp:term":[{"taxonomy":"product_brand","embeddable":true,"href":"https:\/\/arketipo.com\/fr\/wp-json\/wp\/v2\/product_brand?post=49574"},{"taxonomy":"product_cat","embeddable":true,"href":"https:\/\/arketipo.com\/fr\/wp-json\/wp\/v2\/product_cat?post=49574"},{"taxonomy":"product_tag","embeddable":true,"href":"https:\/\/arketipo.com\/fr\/wp-json\/wp\/v2\/product_tag?post=49574"}],"curies":[{"name":"wp","href":"https:\/\/api.w.org\/{rel}","templated":true}]}}