{"id":49576,"date":"2023-03-14T17:25:52","date_gmt":"2023-03-14T16:25:52","guid":{"rendered":"https:\/\/arketipo.com\/prodotto\/manta\/"},"modified":"2025-07-29T08:33:57","modified_gmt":"2025-07-29T06:33:57","slug":"manta","status":"publish","type":"product","link":"https:\/\/arketipo.com\/fr\/prodotto\/manta\/","title":{"rendered":"Manta"},"content":{"rendered":"<p>Certains objets de design naissent pour \u00e9blouir: Manta est l&rsquo;un d&rsquo;eux. Une chaise longue au caract\u00e8re intense, qui provoque puis se d\u00e9crit dans sa polyvalence.<\/p>\n<p>Elle permet de r\u00e9gler plusieurs positions diff\u00e9rentes pour favoriser au mieux chaque moment de repos alors que le dossier et les lignes enveloppantes garantissent une \u00e9l\u00e9gance au confort informel.<\/p>\n","protected":false},"excerpt":{"rendered":"<p>Certains objets de design naissent pour \u00e9blouir: Manta est l&rsquo;un d&rsquo;eux. Une chaise longue au caract\u00e8re intense, qui provoque puis se d\u00e9crit dans sa polyvalence. Elle permet de r\u00e9gler plusieurs positions diff\u00e9rentes pour favoriser au mieux chaque moment de repos alors que le dossier et les lignes enveloppantes garantissent une \u00e9l\u00e9gance au confort informel.<\/p>\n","protected":false},"featured_media":31897,"comment_status":"closed","ping_status":"closed","template":"","meta":[],"product_brand":[],"product_cat":[194,187],"product_tag":[],"class_list":{"0":"post-49576","1":"product","2":"type-product","3":"status-publish","4":"has-post-thumbnail","6":"product_cat-canapes","7":"product_cat-indoor-fr","9":"first","10":"instock","11":"product-type-simple"},"_links":{"self":[{"href":"https:\/\/arketipo.com\/fr\/wp-json\/wp\/v2\/product\/49576","targetHints":{"allow":["GET"]}}],"collection":[{"href":"https:\/\/arketipo.com\/fr\/wp-json\/wp\/v2\/product"}],"about":[{"href":"https:\/\/arketipo.com\/fr\/wp-json\/wp\/v2\/types\/product"}],"replies":[{"embeddable":true,"href":"https:\/\/arketipo.com\/fr\/wp-json\/wp\/v2\/comments?post=49576"}],"wp:featuredmedia":[{"embeddable":true,"href":"https:\/\/arketipo.com\/fr\/wp-json\/wp\/v2\/media\/31897"}],"wp:attachment":[{"href":"https:\/\/arketipo.com\/fr\/wp-json\/wp\/v2\/media?parent=49576"}],"wp:term":[{"taxonomy":"product_brand","embeddable":true,"href":"https:\/\/arketipo.com\/fr\/wp-json\/wp\/v2\/product_brand?post=49576"},{"taxonomy":"product_cat","embeddable":true,"href":"https:\/\/arketipo.com\/fr\/wp-json\/wp\/v2\/product_cat?post=49576"},{"taxonomy":"product_tag","embeddable":true,"href":"https:\/\/arketipo.com\/fr\/wp-json\/wp\/v2\/product_tag?post=49576"}],"curies":[{"name":"wp","href":"https:\/\/api.w.org\/{rel}","templated":true}]}}