{"id":49580,"date":"2023-05-18T17:29:36","date_gmt":"2023-05-18T15:29:36","guid":{"rendered":"https:\/\/arketipo.com\/prodotto\/pelle-b-rifinita-a-cera\/"},"modified":"2025-08-08T10:13:32","modified_gmt":"2025-08-08T08:13:32","slug":"pelle-b-rifinita-a-cera","status":"publish","type":"product","link":"https:\/\/arketipo.com\/fr\/prodotto\/pelle-b-rifinita-a-cera\/","title":{"rendered":"Cuir B finition cir\u00e9e"},"content":{"rendered":"","protected":false},"excerpt":{"rendered":"<p>Les cuirs aniline sont synonymes de qualit\u00e9 et de valeur sup\u00e9rieures car ils sont s\u00e9lectionn\u00e9s \u00e0 partir des peaux brutes les plus fines. Le cuir aniline est le cuir le plus pris\u00e9, \u00e9galement appel\u00e9 cuir naturel parce qu&rsquo;il est, de tous les cuirs, celui qui a l&rsquo;aspect le plus naturel. Il n&rsquo;a pas de finition couvrante, c&rsquo;est pourquoi il fait ressortir les caract\u00e9ristiques uniques du cuir, en mettant en \u00e9vidence son grain naturel et ses imperfections, qui deviennent une note distinctive qui rend le produit encore plus prestigieux. Les variations de couleur d&rsquo;une livraison \u00e0 l&rsquo;autre et, dans certains cas, entre les cuirs utilis\u00e9s pour un m\u00eame canap\u00e9, sont une caract\u00e9ristique in\u00e9vitable des cuirs teints \u00e0 l&rsquo;aniline. Lors du traitement du cuir et de l&rsquo;utilisation du canap\u00e9, il est normal que des plis se forment, dont les marques restent ind\u00e9l\u00e9biles. A l&rsquo;usage, le cuir peut perdre l\u00e9g\u00e8rement son aspect miroir. Pour un nettoyage normal, d\u00e9poussi\u00e9rez avec un chiffon doux et sec. N&rsquo;utilisez aucun produit abrasif ou agressif. L&rsquo;eau doit \u00e9galement \u00eatre s\u00e9ch\u00e9e imm\u00e9diatement, sinon le cuir sera tach\u00e9.<\/p>\n","protected":false},"featured_media":5519,"comment_status":"closed","ping_status":"closed","template":"","meta":[],"product_brand":[],"product_cat":[193],"product_tag":[485],"class_list":{"0":"post-49580","1":"product","2":"type-product","3":"status-publish","4":"has-post-thumbnail","6":"product_cat-peaux-fr","7":"product_tag-cuir-b","9":"first","10":"instock","11":"product-type-simple"},"_links":{"self":[{"href":"https:\/\/arketipo.com\/fr\/wp-json\/wp\/v2\/product\/49580","targetHints":{"allow":["GET"]}}],"collection":[{"href":"https:\/\/arketipo.com\/fr\/wp-json\/wp\/v2\/product"}],"about":[{"href":"https:\/\/arketipo.com\/fr\/wp-json\/wp\/v2\/types\/product"}],"replies":[{"embeddable":true,"href":"https:\/\/arketipo.com\/fr\/wp-json\/wp\/v2\/comments?post=49580"}],"wp:featuredmedia":[{"embeddable":true,"href":"https:\/\/arketipo.com\/fr\/wp-json\/wp\/v2\/media\/5519"}],"wp:attachment":[{"href":"https:\/\/arketipo.com\/fr\/wp-json\/wp\/v2\/media?parent=49580"}],"wp:term":[{"taxonomy":"product_brand","embeddable":true,"href":"https:\/\/arketipo.com\/fr\/wp-json\/wp\/v2\/product_brand?post=49580"},{"taxonomy":"product_cat","embeddable":true,"href":"https:\/\/arketipo.com\/fr\/wp-json\/wp\/v2\/product_cat?post=49580"},{"taxonomy":"product_tag","embeddable":true,"href":"https:\/\/arketipo.com\/fr\/wp-json\/wp\/v2\/product_tag?post=49580"}],"curies":[{"name":"wp","href":"https:\/\/api.w.org\/{rel}","templated":true}]}}