{"id":49582,"date":"2023-05-18T17:29:36","date_gmt":"2023-05-18T15:29:36","guid":{"rendered":"https:\/\/arketipo.com\/prodotto\/pelle-leonardo\/"},"modified":"2025-07-29T08:34:11","modified_gmt":"2025-07-29T06:34:11","slug":"pelle-leonardo","status":"publish","type":"product","link":"https:\/\/arketipo.com\/fr\/prodotto\/pelle-leonardo\/","title":{"rendered":"Cuir Leonardo"},"content":{"rendered":"","protected":false},"excerpt":{"rendered":"<p>Les cuirs anilines sont synonymes de qualit\u00e9 et de valeur sup\u00e9rieures, car ils sont s\u00e9lectionn\u00e9s \u00e0 partir des peaux brutes les plus fines. Le cuir aniline est \u00e9galement appel\u00e9 cuir naturel car il s&rsquo;agit du type de cuir le plus naturel de tous, il n&rsquo;a pas de finition couvrante et c&rsquo;est pourquoi il fait ressortir les caract\u00e9ristiques uniques du cuir, en mettant en \u00e9vidence son grain naturel et ses imperfections, qui deviennent une note distinctive qui rend le produit encore plus prestigieux. Le cuir tann\u00e9 v\u00e9g\u00e9tal est un produit tellement naturel qu&rsquo;il est possible de l&rsquo;appr\u00e9cier et de le reconna\u00eetre par ses petites marques, ses veines, son parfum et ses nuances de couleur. Au cours du traitement du cuir et \u00e0 l&rsquo;usage, il est normal que des soufflures se forment sur la fleur (surface) et qu&rsquo;un effet de blanchiment se produise, dont les marques restent ind\u00e9l\u00e9biles. Une autre caract\u00e9ristique typique du cuir tann\u00e9 v\u00e9g\u00e9tal est la l\u00e9g\u00e8re diff\u00e9rence de couleur qui existe toujours entre le cuir et la peau, due \u00e0 la pr\u00e9sence d&rsquo;huiles naturelles et \u00e0 l&rsquo;absorption diff\u00e9rente de la couleur \u00e0 la surface de la peau. Une autre caract\u00e9ristique du cuir tann\u00e9 v\u00e9g\u00e9tal est le processus de \u00ab\u00a0changement de couleur\u00a0\u00bb (changement de couleur) lorsqu&rsquo;il est expos\u00e9 de mani\u00e8re continue au fil du temps \u00e0 une source de lumi\u00e8re naturelle ou artificielle. Cet article peut se rayer facilement. Les rayures superficielles peuvent \u00eatre att\u00e9nu\u00e9es en frottant avec un chiffon de laine. Ne jamais utiliser de produits abrasifs ou agressifs tels que les solvants et les d\u00e9tachants.<\/p>\n","protected":false},"featured_media":41703,"comment_status":"closed","ping_status":"closed","template":"","meta":[],"product_brand":[],"product_cat":[193],"product_tag":[460],"class_list":{"0":"post-49582","1":"product","2":"type-product","3":"status-publish","4":"has-post-thumbnail","6":"product_cat-peaux-fr","7":"product_tag-pelle-b-5","9":"first","10":"instock","11":"product-type-simple"},"_links":{"self":[{"href":"https:\/\/arketipo.com\/fr\/wp-json\/wp\/v2\/product\/49582","targetHints":{"allow":["GET"]}}],"collection":[{"href":"https:\/\/arketipo.com\/fr\/wp-json\/wp\/v2\/product"}],"about":[{"href":"https:\/\/arketipo.com\/fr\/wp-json\/wp\/v2\/types\/product"}],"replies":[{"embeddable":true,"href":"https:\/\/arketipo.com\/fr\/wp-json\/wp\/v2\/comments?post=49582"}],"wp:featuredmedia":[{"embeddable":true,"href":"https:\/\/arketipo.com\/fr\/wp-json\/wp\/v2\/media\/41703"}],"wp:attachment":[{"href":"https:\/\/arketipo.com\/fr\/wp-json\/wp\/v2\/media?parent=49582"}],"wp:term":[{"taxonomy":"product_brand","embeddable":true,"href":"https:\/\/arketipo.com\/fr\/wp-json\/wp\/v2\/product_brand?post=49582"},{"taxonomy":"product_cat","embeddable":true,"href":"https:\/\/arketipo.com\/fr\/wp-json\/wp\/v2\/product_cat?post=49582"},{"taxonomy":"product_tag","embeddable":true,"href":"https:\/\/arketipo.com\/fr\/wp-json\/wp\/v2\/product_tag?post=49582"}],"curies":[{"name":"wp","href":"https:\/\/api.w.org\/{rel}","templated":true}]}}