{"id":49584,"date":"2023-05-18T15:29:17","date_gmt":"2023-05-18T13:29:17","guid":{"rendered":"https:\/\/arketipo.com\/prodotto\/pelle-b-anilina\/"},"modified":"2025-07-29T08:34:12","modified_gmt":"2025-07-29T06:34:12","slug":"pelle-b-anilina","status":"publish","type":"product","link":"https:\/\/arketipo.com\/fr\/prodotto\/pelle-b-anilina\/","title":{"rendered":"Pelle B pleine fleur"},"content":{"rendered":"","protected":false},"excerpt":{"rendered":"<p>Les cuirs anilines sont synonymes de qualit\u00e9 et de valeur sup\u00e9rieures car ils sont s\u00e9lectionn\u00e9s \u00e0 partir des peaux brutes les plus fines. Le cuir aniline est \u00e9galement appel\u00e9 cuir naturel parce qu&rsquo;il s&rsquo;agit du type de cuir le plus naturel de tous les cuirs. Il n&rsquo;a pas de finition couvrante et c&rsquo;est pourquoi il fait ressortir les caract\u00e9ristiques uniques du cuir, en mettant en \u00e9vidence son grain naturel et ses imperfections, qui deviennent une note distinctive qui rend le produit encore plus prestigieux. Les variations de couleur d&rsquo;une fourniture \u00e0 l&rsquo;autre et, dans certains cas, entre les cuirs utilis\u00e9s pour le m\u00eame canap\u00e9, sont une caract\u00e9ristique in\u00e9vitable des cuirs teints \u00e0 l&rsquo;aniline. Lors de l&rsquo;utilisation normale du canap\u00e9, le cuir devient plus brillant aux endroits o\u00f9 il est le plus frott\u00e9. Pour un nettoyage normal, \u00e9pousseter avec un chiffon doux et sec. Ne pas utiliser de produits abrasifs ou agressifs.<\/p>\n","protected":false},"featured_media":51447,"comment_status":"closed","ping_status":"closed","template":"","meta":[],"product_brand":[],"product_cat":[193],"product_tag":[485],"class_list":{"0":"post-49584","1":"product","2":"type-product","3":"status-publish","4":"has-post-thumbnail","6":"product_cat-peaux-fr","7":"product_tag-cuir-b","9":"first","10":"instock","11":"product-type-simple"},"_links":{"self":[{"href":"https:\/\/arketipo.com\/fr\/wp-json\/wp\/v2\/product\/49584","targetHints":{"allow":["GET"]}}],"collection":[{"href":"https:\/\/arketipo.com\/fr\/wp-json\/wp\/v2\/product"}],"about":[{"href":"https:\/\/arketipo.com\/fr\/wp-json\/wp\/v2\/types\/product"}],"replies":[{"embeddable":true,"href":"https:\/\/arketipo.com\/fr\/wp-json\/wp\/v2\/comments?post=49584"}],"wp:featuredmedia":[{"embeddable":true,"href":"https:\/\/arketipo.com\/fr\/wp-json\/wp\/v2\/media\/51447"}],"wp:attachment":[{"href":"https:\/\/arketipo.com\/fr\/wp-json\/wp\/v2\/media?parent=49584"}],"wp:term":[{"taxonomy":"product_brand","embeddable":true,"href":"https:\/\/arketipo.com\/fr\/wp-json\/wp\/v2\/product_brand?post=49584"},{"taxonomy":"product_cat","embeddable":true,"href":"https:\/\/arketipo.com\/fr\/wp-json\/wp\/v2\/product_cat?post=49584"},{"taxonomy":"product_tag","embeddable":true,"href":"https:\/\/arketipo.com\/fr\/wp-json\/wp\/v2\/product_tag?post=49584"}],"curies":[{"name":"wp","href":"https:\/\/api.w.org\/{rel}","templated":true}]}}