{"id":49585,"date":"2023-05-18T15:29:17","date_gmt":"2023-05-18T13:29:17","guid":{"rendered":"https:\/\/arketipo.com\/prodotto\/pelle-b-nabuk\/"},"modified":"2025-07-29T08:34:14","modified_gmt":"2025-07-29T06:34:14","slug":"pelle-b-nabuk","status":"publish","type":"product","link":"https:\/\/arketipo.com\/fr\/prodotto\/pelle-b-nabuk\/","title":{"rendered":"Pelle B nubuk"},"content":{"rendered":"","protected":false},"excerpt":{"rendered":"<p>Le cuir nubuck fait partie des anilines pures. Il est fabriqu\u00e9 \u00e0 l&rsquo;aide d&rsquo;un proc\u00e9d\u00e9 sp\u00e9cial appel\u00e9 aff\u00fbtage, au cours duquel les poils sont enlev\u00e9s et la surface est polie puis d\u00e9licatement bross\u00e9e. Ce proc\u00e9d\u00e9 conf\u00e8re au cuir un aspect et un toucher velout\u00e9s ainsi qu&rsquo;un effet d&rsquo;\u00e9criture. Cet article est lisse, le grain naturel du cuir n&rsquo;\u00e9tant visible qu&rsquo;\u00e0 certains endroits, en raison du processus de culbutage qui sert \u00e0 assouplir le cuir. La pr\u00e9sence \u00e9ventuelle de rayures, de rides et de petits d\u00e9fauts est une garantie du caract\u00e8re naturel du produit. Pour le nettoyage, \u00e9pousseter avec un chiffon doux et sec. Ne pas utiliser de produits abrasifs ou agressifs. L&rsquo;eau doit \u00e9galement \u00eatre s\u00e9ch\u00e9e imm\u00e9diatement, sinon le cuir se tache.<\/p>\n","protected":false},"featured_media":51382,"comment_status":"closed","ping_status":"closed","template":"","meta":[],"product_brand":[],"product_cat":[193],"product_tag":[485],"class_list":{"0":"post-49585","1":"product","2":"type-product","3":"status-publish","4":"has-post-thumbnail","6":"product_cat-peaux-fr","7":"product_tag-cuir-b","9":"first","10":"instock","11":"product-type-simple"},"_links":{"self":[{"href":"https:\/\/arketipo.com\/fr\/wp-json\/wp\/v2\/product\/49585","targetHints":{"allow":["GET"]}}],"collection":[{"href":"https:\/\/arketipo.com\/fr\/wp-json\/wp\/v2\/product"}],"about":[{"href":"https:\/\/arketipo.com\/fr\/wp-json\/wp\/v2\/types\/product"}],"replies":[{"embeddable":true,"href":"https:\/\/arketipo.com\/fr\/wp-json\/wp\/v2\/comments?post=49585"}],"wp:featuredmedia":[{"embeddable":true,"href":"https:\/\/arketipo.com\/fr\/wp-json\/wp\/v2\/media\/51382"}],"wp:attachment":[{"href":"https:\/\/arketipo.com\/fr\/wp-json\/wp\/v2\/media?parent=49585"}],"wp:term":[{"taxonomy":"product_brand","embeddable":true,"href":"https:\/\/arketipo.com\/fr\/wp-json\/wp\/v2\/product_brand?post=49585"},{"taxonomy":"product_cat","embeddable":true,"href":"https:\/\/arketipo.com\/fr\/wp-json\/wp\/v2\/product_cat?post=49585"},{"taxonomy":"product_tag","embeddable":true,"href":"https:\/\/arketipo.com\/fr\/wp-json\/wp\/v2\/product_tag?post=49585"}],"curies":[{"name":"wp","href":"https:\/\/api.w.org\/{rel}","templated":true}]}}