{"id":49586,"date":"2023-05-18T15:28:56","date_gmt":"2023-05-18T13:28:56","guid":{"rendered":"https:\/\/arketipo.com\/prodotto\/pelle-a-anilina\/"},"modified":"2025-08-08T10:12:16","modified_gmt":"2025-08-08T08:12:16","slug":"pelle-a-anilina","status":"publish","type":"product","link":"https:\/\/arketipo.com\/fr\/prodotto\/pelle-a-anilina\/","title":{"rendered":"Cuir cir\u00e9"},"content":{"rendered":"","protected":false},"excerpt":{"rendered":"<p>Les cuirs anilines sont synonymes de qualit\u00e9 sup\u00e9rieure et de valeur car ils sont s\u00e9lectionn\u00e9s \u00e0 partir des peaux brutes les plus fines. Le cuir aniline est \u00e9galement appel\u00e9 cuir naturel car c&rsquo;est le plus naturel de tous les cuirs. N&rsquo;ayant pas de finition opaque, il fait ressortir les caract\u00e9ristiques uniques du cuir, en mettant en \u00e9vidence son grain naturel et ses imperfections, qui deviennent une note distinctive qui rend le produit encore plus prestigieux. Une caract\u00e9ristique in\u00e9vitable du cuir teint \u00e0 l&rsquo;aniline est la variation de couleur d&rsquo;un fournisseur \u00e0 l&rsquo;autre et, dans certains cas, m\u00eame entre les cuirs utilis\u00e9s pour le m\u00eame canap\u00e9. Lors d&rsquo;une utilisation normale du canap\u00e9, le cuir devient plus brillant aux endroits o\u00f9 il est le plus frott\u00e9. Pour un nettoyage normal, d\u00e9poussi\u00e9rez avec un chiffon doux et sec. N&rsquo;utilisez pas de produits abrasifs ou agressifs.      <\/p>\n","protected":false},"featured_media":41476,"comment_status":"closed","ping_status":"closed","template":"","meta":[],"product_brand":[],"product_cat":[193],"product_tag":[479],"class_list":{"0":"post-49586","1":"product","2":"type-product","3":"status-publish","4":"has-post-thumbnail","6":"product_cat-peaux-fr","7":"product_tag-cuir-a","9":"first","10":"instock","11":"product-type-simple"},"_links":{"self":[{"href":"https:\/\/arketipo.com\/fr\/wp-json\/wp\/v2\/product\/49586","targetHints":{"allow":["GET"]}}],"collection":[{"href":"https:\/\/arketipo.com\/fr\/wp-json\/wp\/v2\/product"}],"about":[{"href":"https:\/\/arketipo.com\/fr\/wp-json\/wp\/v2\/types\/product"}],"replies":[{"embeddable":true,"href":"https:\/\/arketipo.com\/fr\/wp-json\/wp\/v2\/comments?post=49586"}],"wp:featuredmedia":[{"embeddable":true,"href":"https:\/\/arketipo.com\/fr\/wp-json\/wp\/v2\/media\/41476"}],"wp:attachment":[{"href":"https:\/\/arketipo.com\/fr\/wp-json\/wp\/v2\/media?parent=49586"}],"wp:term":[{"taxonomy":"product_brand","embeddable":true,"href":"https:\/\/arketipo.com\/fr\/wp-json\/wp\/v2\/product_brand?post=49586"},{"taxonomy":"product_cat","embeddable":true,"href":"https:\/\/arketipo.com\/fr\/wp-json\/wp\/v2\/product_cat?post=49586"},{"taxonomy":"product_tag","embeddable":true,"href":"https:\/\/arketipo.com\/fr\/wp-json\/wp\/v2\/product_tag?post=49586"}],"curies":[{"name":"wp","href":"https:\/\/api.w.org\/{rel}","templated":true}]}}