{"id":49588,"date":"2023-05-18T17:28:56","date_gmt":"2023-05-18T15:28:56","guid":{"rendered":"https:\/\/arketipo.com\/prodotto\/pelle-a-nabuk-rustico\/"},"modified":"2025-07-29T08:34:17","modified_gmt":"2025-07-29T06:34:17","slug":"pelle-a-nabuk-rustico","status":"publish","type":"product","link":"https:\/\/arketipo.com\/fr\/prodotto\/pelle-a-nabuk-rustico\/","title":{"rendered":"Pelle A nubuk"},"content":{"rendered":"","protected":false},"excerpt":{"rendered":"<p>Le cuir nubuck fait partie des anilines pures. Il est fabriqu\u00e9 \u00e0 l&rsquo;aide d&rsquo;un proc\u00e9d\u00e9 sp\u00e9cial appel\u00e9 aff\u00fbtage, au cours duquel les poils sont enlev\u00e9s et la surface est polie puis d\u00e9licatement bross\u00e9e. Ce proc\u00e9d\u00e9 conf\u00e8re au cuir un aspect et un toucher velout\u00e9s ainsi qu&rsquo;un effet d&rsquo;\u00e9criture. Les effets clairs-obscurs circulaires et irr\u00e9guliers sont obtenus par pon\u00e7age manuel et donnent un aspect vintage et \u00e9l\u00e9gant. Le grain naturel reste visible. Les rayures, les plis et les petits d\u00e9fauts garantissent le caract\u00e8re naturel du produit. Pour le nettoyage, \u00e9pousseter avec un chiffon doux et sec. Ne pas utiliser de produits abrasifs ou agressifs. L&rsquo;eau doit \u00e9galement \u00eatre essuy\u00e9e imm\u00e9diatement, sinon le cuir se tache.<\/p>\n","protected":false},"featured_media":58865,"comment_status":"closed","ping_status":"closed","template":"","meta":[],"product_brand":[],"product_cat":[193],"product_tag":[479],"class_list":{"0":"post-49588","1":"product","2":"type-product","3":"status-publish","4":"has-post-thumbnail","6":"product_cat-peaux-fr","7":"product_tag-cuir-a","9":"first","10":"instock","11":"product-type-simple"},"_links":{"self":[{"href":"https:\/\/arketipo.com\/fr\/wp-json\/wp\/v2\/product\/49588","targetHints":{"allow":["GET"]}}],"collection":[{"href":"https:\/\/arketipo.com\/fr\/wp-json\/wp\/v2\/product"}],"about":[{"href":"https:\/\/arketipo.com\/fr\/wp-json\/wp\/v2\/types\/product"}],"replies":[{"embeddable":true,"href":"https:\/\/arketipo.com\/fr\/wp-json\/wp\/v2\/comments?post=49588"}],"wp:featuredmedia":[{"embeddable":true,"href":"https:\/\/arketipo.com\/fr\/wp-json\/wp\/v2\/media\/58865"}],"wp:attachment":[{"href":"https:\/\/arketipo.com\/fr\/wp-json\/wp\/v2\/media?parent=49588"}],"wp:term":[{"taxonomy":"product_brand","embeddable":true,"href":"https:\/\/arketipo.com\/fr\/wp-json\/wp\/v2\/product_brand?post=49588"},{"taxonomy":"product_cat","embeddable":true,"href":"https:\/\/arketipo.com\/fr\/wp-json\/wp\/v2\/product_cat?post=49588"},{"taxonomy":"product_tag","embeddable":true,"href":"https:\/\/arketipo.com\/fr\/wp-json\/wp\/v2\/product_tag?post=49588"}],"curies":[{"name":"wp","href":"https:\/\/api.w.org\/{rel}","templated":true}]}}