{"id":49591,"date":"2023-05-18T15:34:33","date_gmt":"2023-05-18T13:34:33","guid":{"rendered":"https:\/\/arketipo.com\/prodotto\/doc\/"},"modified":"2025-07-29T08:34:20","modified_gmt":"2025-07-29T06:34:20","slug":"doc","status":"publish","type":"product","link":"https:\/\/arketipo.com\/fr\/prodotto\/doc\/","title":{"rendered":"DOC"},"content":{"rendered":"","protected":false},"excerpt":{"rendered":"<p>La principale caract\u00e9ristique de la collection DOC est qu&rsquo;il s&rsquo;agit d&rsquo;un tissu compos\u00e9 de fibres naturelles mais dot\u00e9 d&rsquo;une r\u00e9sistance typique des tissus utilis\u00e9s pour le travail \u00e0 fa\u00e7on. La collection DOC utilise un fil exclusif, obtenu gr\u00e2ce \u00e0 la m\u00e9thode de torsion qui n&rsquo;est utilis\u00e9e que dans la r\u00e9gion de Prato. Ce fil est compos\u00e9 de trois fibres d&rsquo;origine naturelle, d&rsquo;un \u00e9clat et d&rsquo;un titre diff\u00e9rents, transform\u00e9es en un tissu unique et innovant, aux caract\u00e9ristiques similaires \u00e0 celles de la chenille et du boucl\u00e9, avec une forte personnalit\u00e9 adapt\u00e9e \u00e0 la couverture de n&rsquo;importe quelle forme. Le fil est utilis\u00e9 en cha\u00eene et en trame, teint et fini. La collection pr\u00e9sente un aspect contemporain, avec une gamme de couleurs multicolores et une main agr\u00e9ablement douce.<\/p>\n","protected":false},"featured_media":42945,"comment_status":"closed","ping_status":"closed","template":"","meta":[],"product_brand":[],"product_cat":[199],"product_tag":[464],"class_list":{"0":"post-49591","1":"product","2":"type-product","3":"status-publish","4":"has-post-thumbnail","6":"product_cat-tissus","7":"product_tag-cat-d-5","9":"first","10":"instock","11":"product-type-simple"},"_links":{"self":[{"href":"https:\/\/arketipo.com\/fr\/wp-json\/wp\/v2\/product\/49591","targetHints":{"allow":["GET"]}}],"collection":[{"href":"https:\/\/arketipo.com\/fr\/wp-json\/wp\/v2\/product"}],"about":[{"href":"https:\/\/arketipo.com\/fr\/wp-json\/wp\/v2\/types\/product"}],"replies":[{"embeddable":true,"href":"https:\/\/arketipo.com\/fr\/wp-json\/wp\/v2\/comments?post=49591"}],"wp:featuredmedia":[{"embeddable":true,"href":"https:\/\/arketipo.com\/fr\/wp-json\/wp\/v2\/media\/42945"}],"wp:attachment":[{"href":"https:\/\/arketipo.com\/fr\/wp-json\/wp\/v2\/media?parent=49591"}],"wp:term":[{"taxonomy":"product_brand","embeddable":true,"href":"https:\/\/arketipo.com\/fr\/wp-json\/wp\/v2\/product_brand?post=49591"},{"taxonomy":"product_cat","embeddable":true,"href":"https:\/\/arketipo.com\/fr\/wp-json\/wp\/v2\/product_cat?post=49591"},{"taxonomy":"product_tag","embeddable":true,"href":"https:\/\/arketipo.com\/fr\/wp-json\/wp\/v2\/product_tag?post=49591"}],"curies":[{"name":"wp","href":"https:\/\/api.w.org\/{rel}","templated":true}]}}