{"id":49592,"date":"2023-05-18T15:34:33","date_gmt":"2023-05-18T13:34:33","guid":{"rendered":"https:\/\/arketipo.com\/prodotto\/drappo\/"},"modified":"2025-07-29T08:34:21","modified_gmt":"2025-07-29T06:34:21","slug":"drappo","status":"publish","type":"product","link":"https:\/\/arketipo.com\/fr\/prodotto\/drappo\/","title":{"rendered":"Drappo"},"content":{"rendered":"","protected":false},"excerpt":{"rendered":"<p>La collection Drappo est r\u00e9alis\u00e9e avec un fil de trame en coton peign\u00e9 \u00e0 100 tours, avec lequel on a obtenu une chenille avec un effet de poil plus long pour donner un toucher tr\u00e8s doux : le r\u00e9sultat est un tissu d&rsquo;aspect moderne avec un effet de fourrure. La finition a \u00e9t\u00e9 d\u00e9cisive pour obtenir ce type de tissu, qui est lav\u00e9 et s\u00e9ch\u00e9 en Airo pour \u00e9galiser le poil de la chenille. Cette collection est un clin d&rsquo;\u0153il au monde de la mode, une touche glamour pour ceux qui vivent la mode et suivent les tendances.<\/p>\n","protected":false},"featured_media":42914,"comment_status":"closed","ping_status":"closed","template":"","meta":[],"product_brand":[],"product_cat":[199],"product_tag":[464],"class_list":{"0":"post-49592","1":"product","2":"type-product","3":"status-publish","4":"has-post-thumbnail","6":"product_cat-tissus","7":"product_tag-cat-d-5","9":"first","10":"instock","11":"product-type-simple"},"_links":{"self":[{"href":"https:\/\/arketipo.com\/fr\/wp-json\/wp\/v2\/product\/49592","targetHints":{"allow":["GET"]}}],"collection":[{"href":"https:\/\/arketipo.com\/fr\/wp-json\/wp\/v2\/product"}],"about":[{"href":"https:\/\/arketipo.com\/fr\/wp-json\/wp\/v2\/types\/product"}],"replies":[{"embeddable":true,"href":"https:\/\/arketipo.com\/fr\/wp-json\/wp\/v2\/comments?post=49592"}],"wp:featuredmedia":[{"embeddable":true,"href":"https:\/\/arketipo.com\/fr\/wp-json\/wp\/v2\/media\/42914"}],"wp:attachment":[{"href":"https:\/\/arketipo.com\/fr\/wp-json\/wp\/v2\/media?parent=49592"}],"wp:term":[{"taxonomy":"product_brand","embeddable":true,"href":"https:\/\/arketipo.com\/fr\/wp-json\/wp\/v2\/product_brand?post=49592"},{"taxonomy":"product_cat","embeddable":true,"href":"https:\/\/arketipo.com\/fr\/wp-json\/wp\/v2\/product_cat?post=49592"},{"taxonomy":"product_tag","embeddable":true,"href":"https:\/\/arketipo.com\/fr\/wp-json\/wp\/v2\/product_tag?post=49592"}],"curies":[{"name":"wp","href":"https:\/\/api.w.org\/{rel}","templated":true}]}}