{"id":49593,"date":"2023-05-18T15:34:09","date_gmt":"2023-05-18T13:34:09","guid":{"rendered":"https:\/\/arketipo.com\/prodotto\/mirage\/"},"modified":"2025-07-29T08:34:22","modified_gmt":"2025-07-29T06:34:22","slug":"mirage","status":"publish","type":"product","link":"https:\/\/arketipo.com\/fr\/prodotto\/mirage\/","title":{"rendered":"Mirage"},"content":{"rendered":"","protected":false},"excerpt":{"rendered":"<p>Mirage est un tissu con\u00e7u pour un usage int\u00e9rieur et ext\u00e9rieur. Pour cette collection, on utilise de la fibre acrylique teint\u00e9e dans la masse, la meilleure pour l&rsquo;ext\u00e9rieur. La fibre acrylique teint\u00e9e dans la masse diff\u00e8re de la fibre acrylique teint\u00e9e dans la masse en ce sens que la couleur est fix\u00e9e avant que le fil ne soit extrud\u00e9, ce qui garantit une plus grande r\u00e9sistance aux UVA ; elle ne moisit pas non plus si elle est mouill\u00e9e. La finition \u00e0 la r\u00e9sine de carbone fluor\u00e9 conf\u00e8re au tissu des performances tr\u00e8s \u00e9lev\u00e9es en termes d&rsquo;imperm\u00e9abilit\u00e9 \u00e0 l&rsquo;eau et \u00e0 l&rsquo;huile. La finition \u00ab\u00a0Teflon\u00a0\u00bb hydrofuge et ol\u00e9ofuge facilite l&rsquo;\u00e9limination des taches tout en pr\u00e9servant la couleur et la r\u00e9sistance. Instructions de nettoyage : la plupart des taches peuvent \u00eatre nettoy\u00e9es avec une solution d&rsquo;eau et de savon doux. Pour enlever la salet\u00e9, il suffit de frotter avec de l&rsquo;eau (pas plus de 30\u00b0) et du savon doux, puis de rincer abondamment. Le tissu Mirage peut \u00eatre nettoy\u00e9 \u00e0 sec ou lav\u00e9 en machine \u00e0 l&rsquo;eau froide, sans essorage. Ne pas repasser \u00e0 la vapeur et ne pas s\u00e9cher \u00e0 l&rsquo;aide d&rsquo;appareils \u00e9lectriques, mais \u00e0 l&rsquo;air libre. Pendant la saison hivernale, conserver le tissu dans un endroit sec et ventil\u00e9.<\/p>\n","protected":false},"featured_media":42882,"comment_status":"closed","ping_status":"closed","template":"","meta":[],"product_brand":[],"product_cat":[199],"product_tag":[465],"class_list":{"0":"post-49593","1":"product","2":"type-product","3":"status-publish","4":"has-post-thumbnail","6":"product_cat-tissus","7":"product_tag-cat-top-m-5","9":"first","10":"instock","11":"product-type-simple"},"_links":{"self":[{"href":"https:\/\/arketipo.com\/fr\/wp-json\/wp\/v2\/product\/49593","targetHints":{"allow":["GET"]}}],"collection":[{"href":"https:\/\/arketipo.com\/fr\/wp-json\/wp\/v2\/product"}],"about":[{"href":"https:\/\/arketipo.com\/fr\/wp-json\/wp\/v2\/types\/product"}],"replies":[{"embeddable":true,"href":"https:\/\/arketipo.com\/fr\/wp-json\/wp\/v2\/comments?post=49593"}],"wp:featuredmedia":[{"embeddable":true,"href":"https:\/\/arketipo.com\/fr\/wp-json\/wp\/v2\/media\/42882"}],"wp:attachment":[{"href":"https:\/\/arketipo.com\/fr\/wp-json\/wp\/v2\/media?parent=49593"}],"wp:term":[{"taxonomy":"product_brand","embeddable":true,"href":"https:\/\/arketipo.com\/fr\/wp-json\/wp\/v2\/product_brand?post=49593"},{"taxonomy":"product_cat","embeddable":true,"href":"https:\/\/arketipo.com\/fr\/wp-json\/wp\/v2\/product_cat?post=49593"},{"taxonomy":"product_tag","embeddable":true,"href":"https:\/\/arketipo.com\/fr\/wp-json\/wp\/v2\/product_tag?post=49593"}],"curies":[{"name":"wp","href":"https:\/\/api.w.org\/{rel}","templated":true}]}}