{"id":49594,"date":"2023-05-18T15:34:09","date_gmt":"2023-05-18T13:34:09","guid":{"rendered":"https:\/\/arketipo.com\/prodotto\/iris\/"},"modified":"2025-07-29T08:34:23","modified_gmt":"2025-07-29T06:34:23","slug":"iris","status":"publish","type":"product","link":"https:\/\/arketipo.com\/fr\/prodotto\/iris\/","title":{"rendered":"Iris"},"content":{"rendered":"","protected":false},"excerpt":{"rendered":"<p>Iris est un tissu con\u00e7u pour l&rsquo;ext\u00e9rieur et l&rsquo;int\u00e9rieur. Il s&rsquo;agit d&rsquo;un boucl\u00e9 bicolore flamm\u00e9 \u00e0 haut titre, cr\u00e9\u00e9 en utilisant la fibre de polypropyl\u00e8ne afin de combiner la beaut\u00e9 du tissu avec des caract\u00e9ristiques de haute performance et de longue dur\u00e9e. Cette fibre est aujourd&rsquo;hui un protagoniste dans le panorama de la recherche et de l&rsquo;innovation textile, \u00e0 la fois pour sa grande polyvalence et sa r\u00e9sistance, et parce qu&rsquo;elle est 100 fois recyclable. La collection a une main douce. La finition consiste en un traitement que l&rsquo;on pourrait qualifier d&rsquo;\u00e9cologique car il n&rsquo;utilise ni eau ni produits chimiques, mais uniquement la force de l&rsquo;air constamment contr\u00f4l\u00e9e \u00e0 certaines temp\u00e9ratures. La collection Iris est hydrofuge, r\u00e9sistante aux taches et imperm\u00e9able aux moisissures, aux mites et aux bact\u00e9ries. Elle se caract\u00e9rise par une excellente r\u00e9sistance \u00e0 la lumi\u00e8re et aux intemp\u00e9ries, ainsi que par des valeurs \u00e9lev\u00e9es de solidit\u00e9 des couleurs et de r\u00e9sistance m\u00e9canique. Les combinaisons de couleurs sophistiqu\u00e9es qui composent la collection sont obtenues gr\u00e2ce \u00e0 la m\u00e9thode de la teinture en masse : les pigments de couleur sont ajout\u00e9s au polym\u00e8re avant que le fil ne soit extrud\u00e9 de la fili\u00e8re, ce qui garantit d&rsquo;excellentes valeurs de r\u00e9sistance aux intemp\u00e9ries, la capacit\u00e9 d&rsquo;absorber les rayons ultraviolets, la reproductibilit\u00e9 exacte des couleurs et une uniformit\u00e9 maximale. Ce proc\u00e9d\u00e9 technique permet \u00e9galement de r\u00e9duire consid\u00e9rablement la pollution de l&rsquo;environnement gr\u00e2ce \u00e0 la diminution de la consommation d&rsquo;eau et d&rsquo;\u00e9nergie dans le cycle de production. Hypoallerg\u00e9nique, anti-odeur, le polypropyl\u00e8ne est une fibre tr\u00e8s facile \u00e0 entretenir. Un simple lavage \u00e0 30\/40 \u00b0C avec un savon neutre garantit un nettoyage ad\u00e9quat ; le tissu ne doit \u00eatre ni essor\u00e9 ni repass\u00e9.<\/p>\n","protected":false},"featured_media":42851,"comment_status":"closed","ping_status":"closed","template":"","meta":[],"product_brand":[],"product_cat":[199],"product_tag":[466],"class_list":{"0":"post-49594","1":"product","2":"type-product","3":"status-publish","4":"has-post-thumbnail","6":"product_cat-tissus","7":"product_tag-cat-e-i-5","9":"first","10":"instock","11":"product-type-simple"},"_links":{"self":[{"href":"https:\/\/arketipo.com\/fr\/wp-json\/wp\/v2\/product\/49594","targetHints":{"allow":["GET"]}}],"collection":[{"href":"https:\/\/arketipo.com\/fr\/wp-json\/wp\/v2\/product"}],"about":[{"href":"https:\/\/arketipo.com\/fr\/wp-json\/wp\/v2\/types\/product"}],"replies":[{"embeddable":true,"href":"https:\/\/arketipo.com\/fr\/wp-json\/wp\/v2\/comments?post=49594"}],"wp:featuredmedia":[{"embeddable":true,"href":"https:\/\/arketipo.com\/fr\/wp-json\/wp\/v2\/media\/42851"}],"wp:attachment":[{"href":"https:\/\/arketipo.com\/fr\/wp-json\/wp\/v2\/media?parent=49594"}],"wp:term":[{"taxonomy":"product_brand","embeddable":true,"href":"https:\/\/arketipo.com\/fr\/wp-json\/wp\/v2\/product_brand?post=49594"},{"taxonomy":"product_cat","embeddable":true,"href":"https:\/\/arketipo.com\/fr\/wp-json\/wp\/v2\/product_cat?post=49594"},{"taxonomy":"product_tag","embeddable":true,"href":"https:\/\/arketipo.com\/fr\/wp-json\/wp\/v2\/product_tag?post=49594"}],"curies":[{"name":"wp","href":"https:\/\/api.w.org\/{rel}","templated":true}]}}