{"id":49595,"date":"2023-05-18T15:34:09","date_gmt":"2023-05-18T13:34:09","guid":{"rendered":"https:\/\/arketipo.com\/prodotto\/harvey\/"},"modified":"2025-07-29T08:34:23","modified_gmt":"2025-07-29T06:34:23","slug":"harvey","status":"publish","type":"product","link":"https:\/\/arketipo.com\/fr\/prodotto\/harvey\/","title":{"rendered":"Harvey"},"content":{"rendered":"","protected":false},"excerpt":{"rendered":"<p>Harvey est un tissu con\u00e7u pour un usage ext\u00e9rieur et int\u00e9rieur. Il s&rsquo;agit d&rsquo;une chenille douce et cors\u00e9e dont la texture est agr\u00e9able et confortable au toucher. Harvey impressionne par ses qualit\u00e9s techniques : durabilit\u00e9 et aspect inchang\u00e9 dans le temps, excellente r\u00e9sistance aux intemp\u00e9ries et \u00e0 la lumi\u00e8re du soleil. Le tissu poss\u00e8de d&rsquo;excellentes capacit\u00e9s thermiques, chaudes en hiver et fra\u00eeches en \u00e9t\u00e9. Il ne se d\u00e9forme pas et ne s&rsquo;\u00e9tire pas. Hypoallerg\u00e9nique, antiacarien et bact\u00e9riostatique : un tissu id\u00e9al si l&rsquo;on a des enfants ou des animaux \u00e0 la maison. Sa capacit\u00e9 \u00e0 ne pas retenir les odeurs le rend parfait pour tout type d&rsquo;environnement. Harvey est lavable \u00e0 la main et en machine. Ses fibres sp\u00e9ciales ne retiennent pas la salet\u00e9 et les taches, de sorte qu&rsquo;il est extr\u00eamement facile de laver le tissu. Pour un r\u00e9sultat impeccable, il suffit d&rsquo;ajouter tr\u00e8s peu de d\u00e9tergent neutre et aucun solvant chimique. Il n&rsquo;est pas n\u00e9cessaire de repasser le tissu. Harvey, une fois son cycle de vie termin\u00e9, est recyclable \u00e0 100 %. En outre, il est fabriqu\u00e9 dans une seule usine.<\/p>\n","protected":false},"featured_media":42830,"comment_status":"closed","ping_status":"closed","template":"","meta":[],"product_brand":[],"product_cat":[199],"product_tag":[467],"class_list":{"0":"post-49595","1":"product","2":"type-product","3":"status-publish","4":"has-post-thumbnail","6":"product_cat-tissus","7":"product_tag-cat-d-h-5","9":"first","10":"instock","11":"product-type-simple"},"_links":{"self":[{"href":"https:\/\/arketipo.com\/fr\/wp-json\/wp\/v2\/product\/49595","targetHints":{"allow":["GET"]}}],"collection":[{"href":"https:\/\/arketipo.com\/fr\/wp-json\/wp\/v2\/product"}],"about":[{"href":"https:\/\/arketipo.com\/fr\/wp-json\/wp\/v2\/types\/product"}],"replies":[{"embeddable":true,"href":"https:\/\/arketipo.com\/fr\/wp-json\/wp\/v2\/comments?post=49595"}],"wp:featuredmedia":[{"embeddable":true,"href":"https:\/\/arketipo.com\/fr\/wp-json\/wp\/v2\/media\/42830"}],"wp:attachment":[{"href":"https:\/\/arketipo.com\/fr\/wp-json\/wp\/v2\/media?parent=49595"}],"wp:term":[{"taxonomy":"product_brand","embeddable":true,"href":"https:\/\/arketipo.com\/fr\/wp-json\/wp\/v2\/product_brand?post=49595"},{"taxonomy":"product_cat","embeddable":true,"href":"https:\/\/arketipo.com\/fr\/wp-json\/wp\/v2\/product_cat?post=49595"},{"taxonomy":"product_tag","embeddable":true,"href":"https:\/\/arketipo.com\/fr\/wp-json\/wp\/v2\/product_tag?post=49595"}],"curies":[{"name":"wp","href":"https:\/\/api.w.org\/{rel}","templated":true}]}}