{"id":49596,"date":"2023-05-18T15:33:51","date_gmt":"2023-05-18T13:33:51","guid":{"rendered":"https:\/\/arketipo.com\/prodotto\/hypnose\/"},"modified":"2025-07-29T08:34:24","modified_gmt":"2025-07-29T06:34:24","slug":"hypnose","status":"publish","type":"product","link":"https:\/\/arketipo.com\/fr\/prodotto\/hypnose\/","title":{"rendered":"Hypnose"},"content":{"rendered":"","protected":false},"excerpt":{"rendered":"<p>Hypnose est un tissu con\u00e7u pour \u00eatre utilis\u00e9 aussi bien \u00e0 l&rsquo;int\u00e9rieur qu&rsquo;\u00e0 l&rsquo;ext\u00e9rieur. Sa structure classique \u00ab\u00a0natt\u00e9 ou panama\u00a0\u00bb est typique des tissus en lin naturel de 100 tours. Hypnose a un toucher agr\u00e9able avec des nuances typiques des fils naturels, obtenues gr\u00e2ce \u00e0 un savant dosage de la couleur.<\/p>\n","protected":false},"featured_media":42814,"comment_status":"closed","ping_status":"closed","template":"","meta":[],"product_brand":[],"product_cat":[199],"product_tag":[467],"class_list":{"0":"post-49596","1":"product","2":"type-product","3":"status-publish","4":"has-post-thumbnail","6":"product_cat-tissus","7":"product_tag-cat-d-h-5","9":"first","10":"instock","11":"product-type-simple"},"_links":{"self":[{"href":"https:\/\/arketipo.com\/fr\/wp-json\/wp\/v2\/product\/49596","targetHints":{"allow":["GET"]}}],"collection":[{"href":"https:\/\/arketipo.com\/fr\/wp-json\/wp\/v2\/product"}],"about":[{"href":"https:\/\/arketipo.com\/fr\/wp-json\/wp\/v2\/types\/product"}],"replies":[{"embeddable":true,"href":"https:\/\/arketipo.com\/fr\/wp-json\/wp\/v2\/comments?post=49596"}],"wp:featuredmedia":[{"embeddable":true,"href":"https:\/\/arketipo.com\/fr\/wp-json\/wp\/v2\/media\/42814"}],"wp:attachment":[{"href":"https:\/\/arketipo.com\/fr\/wp-json\/wp\/v2\/media?parent=49596"}],"wp:term":[{"taxonomy":"product_brand","embeddable":true,"href":"https:\/\/arketipo.com\/fr\/wp-json\/wp\/v2\/product_brand?post=49596"},{"taxonomy":"product_cat","embeddable":true,"href":"https:\/\/arketipo.com\/fr\/wp-json\/wp\/v2\/product_cat?post=49596"},{"taxonomy":"product_tag","embeddable":true,"href":"https:\/\/arketipo.com\/fr\/wp-json\/wp\/v2\/product_tag?post=49596"}],"curies":[{"name":"wp","href":"https:\/\/api.w.org\/{rel}","templated":true}]}}