{"id":49597,"date":"2023-05-18T15:33:51","date_gmt":"2023-05-18T13:33:51","guid":{"rendered":"https:\/\/arketipo.com\/prodotto\/horizon\/"},"modified":"2025-07-29T08:34:25","modified_gmt":"2025-07-29T06:34:25","slug":"horizon","status":"publish","type":"product","link":"https:\/\/arketipo.com\/fr\/prodotto\/horizon\/","title":{"rendered":"Horizon"},"content":{"rendered":"","protected":false},"excerpt":{"rendered":"<p>Horizon est un tissu con\u00e7u pour une utilisation int\u00e9rieure et ext\u00e9rieure. Il est fabriqu\u00e9 \u00e0 partir de fibres de polypropyl\u00e8ne afin de combiner la beaut\u00e9 du tissu avec des caract\u00e9ristiques de haute performance et de durabilit\u00e9. Cette fibre est aujourd&rsquo;hui un acteur majeur de la recherche et de l&rsquo;innovation dans le domaine du textile, en raison de sa grande polyvalence et de sa r\u00e9sistance, mais aussi parce qu&rsquo;elle est recyclable \u00e0 100 %. La collection se caract\u00e9rise par une main douce et soyeuse. La finition consiste en un traitement que l&rsquo;on pourrait qualifier de respectueux de l&rsquo;environnement, car il n&rsquo;utilise ni eau ni produits chimiques, mais uniquement la force de l&rsquo;air constamment contr\u00f4l\u00e9e \u00e0 certaines temp\u00e9ratures. La collection Horizon est hydrofuge, r\u00e9sistante aux taches et imperm\u00e9able aux moisissures, aux mites et aux bact\u00e9ries. Il convient de noter son excellente r\u00e9sistance \u00e0 la lumi\u00e8re et aux intemp\u00e9ries, avec des valeurs \u00e9lev\u00e9es de solidit\u00e9 des couleurs et de r\u00e9sistance m\u00e9canique. Les combinaisons de couleurs sophistiqu\u00e9es qui composent la collection sont obtenues par la m\u00e9thode de la teinture en masse : les pigments de couleur sont ajout\u00e9s au polym\u00e8re avant que le fil ne soit extrud\u00e9 de la fili\u00e8re, ce qui garantit d&rsquo;excellentes valeurs de r\u00e9sistance aux intemp\u00e9ries, la capacit\u00e9 d&rsquo;absorber les rayons ultraviolets, la reproductibilit\u00e9 exacte des couleurs et une uniformit\u00e9 maximale. Ce proc\u00e9d\u00e9 technique permet \u00e9galement de r\u00e9duire consid\u00e9rablement la pollution de l&rsquo;environnement gr\u00e2ce \u00e0 la diminution de la consommation d&rsquo;eau et d&rsquo;\u00e9nergie dans le cycle de production. Hypoallerg\u00e9nique, anti-odeur, le polypropyl\u00e8ne est une fibre tr\u00e8s facile \u00e0 entretenir. Un simple lavage \u00e0 30\/40 \u00b0C avec un savon doux assure un nettoyage ad\u00e9quat ; le tissu ne doit pas \u00eatre essor\u00e9 ni repass\u00e9.<\/p>\n","protected":false},"featured_media":42793,"comment_status":"closed","ping_status":"closed","template":"","meta":[],"product_brand":[],"product_cat":[199],"product_tag":[467],"class_list":{"0":"post-49597","1":"product","2":"type-product","3":"status-publish","4":"has-post-thumbnail","6":"product_cat-tissus","7":"product_tag-cat-d-h-5","9":"first","10":"instock","11":"product-type-simple"},"_links":{"self":[{"href":"https:\/\/arketipo.com\/fr\/wp-json\/wp\/v2\/product\/49597","targetHints":{"allow":["GET"]}}],"collection":[{"href":"https:\/\/arketipo.com\/fr\/wp-json\/wp\/v2\/product"}],"about":[{"href":"https:\/\/arketipo.com\/fr\/wp-json\/wp\/v2\/types\/product"}],"replies":[{"embeddable":true,"href":"https:\/\/arketipo.com\/fr\/wp-json\/wp\/v2\/comments?post=49597"}],"wp:featuredmedia":[{"embeddable":true,"href":"https:\/\/arketipo.com\/fr\/wp-json\/wp\/v2\/media\/42793"}],"wp:attachment":[{"href":"https:\/\/arketipo.com\/fr\/wp-json\/wp\/v2\/media?parent=49597"}],"wp:term":[{"taxonomy":"product_brand","embeddable":true,"href":"https:\/\/arketipo.com\/fr\/wp-json\/wp\/v2\/product_brand?post=49597"},{"taxonomy":"product_cat","embeddable":true,"href":"https:\/\/arketipo.com\/fr\/wp-json\/wp\/v2\/product_cat?post=49597"},{"taxonomy":"product_tag","embeddable":true,"href":"https:\/\/arketipo.com\/fr\/wp-json\/wp\/v2\/product_tag?post=49597"}],"curies":[{"name":"wp","href":"https:\/\/api.w.org\/{rel}","templated":true}]}}