{"id":49598,"date":"2023-05-18T15:33:40","date_gmt":"2023-05-18T13:33:40","guid":{"rendered":"https:\/\/arketipo.com\/prodotto\/estelle\/"},"modified":"2025-07-29T08:34:26","modified_gmt":"2025-07-29T06:34:26","slug":"estelle","status":"publish","type":"product","link":"https:\/\/arketipo.com\/fr\/prodotto\/estelle\/","title":{"rendered":"Estelle"},"content":{"rendered":"","protected":false},"excerpt":{"rendered":"<p>Estelle, avec sa construction \u00e9pur\u00e9e et lin\u00e9aire, pr\u00e9sente un aspect contemporain qui convient \u00e0 tous les types d&rsquo;environnements. Les d\u00e9licats jeux de couleurs et son \u00e9l\u00e9gance tactile et visuelle sont le r\u00e9sultat de ses \u00e9l\u00e9ments naturels : en cha\u00eene, un fil obtenu en m\u00e9lange intime d&rsquo;une fibre fine de lin avec de la viscose est torsad\u00e9 en plusieurs bouts et tiss\u00e9 en trame, avec une chenille lumineuse du plus beau compte et un envers enti\u00e8rement naturel en coton torsad\u00e9. Sa double construction lui conf\u00e8re un volume inattendu. La finition apporte une agr\u00e9able douceur pour un toucher inimitable.<\/p>\n","protected":false},"featured_media":42564,"comment_status":"closed","ping_status":"closed","template":"","meta":[],"product_brand":[],"product_cat":[199],"product_tag":[468],"class_list":{"0":"post-49598","1":"product","2":"type-product","3":"status-publish","4":"has-post-thumbnail","6":"product_cat-tissus","7":"product_tag-cat-e-5","9":"first","10":"instock","11":"product-type-simple"},"_links":{"self":[{"href":"https:\/\/arketipo.com\/fr\/wp-json\/wp\/v2\/product\/49598","targetHints":{"allow":["GET"]}}],"collection":[{"href":"https:\/\/arketipo.com\/fr\/wp-json\/wp\/v2\/product"}],"about":[{"href":"https:\/\/arketipo.com\/fr\/wp-json\/wp\/v2\/types\/product"}],"replies":[{"embeddable":true,"href":"https:\/\/arketipo.com\/fr\/wp-json\/wp\/v2\/comments?post=49598"}],"wp:featuredmedia":[{"embeddable":true,"href":"https:\/\/arketipo.com\/fr\/wp-json\/wp\/v2\/media\/42564"}],"wp:attachment":[{"href":"https:\/\/arketipo.com\/fr\/wp-json\/wp\/v2\/media?parent=49598"}],"wp:term":[{"taxonomy":"product_brand","embeddable":true,"href":"https:\/\/arketipo.com\/fr\/wp-json\/wp\/v2\/product_brand?post=49598"},{"taxonomy":"product_cat","embeddable":true,"href":"https:\/\/arketipo.com\/fr\/wp-json\/wp\/v2\/product_cat?post=49598"},{"taxonomy":"product_tag","embeddable":true,"href":"https:\/\/arketipo.com\/fr\/wp-json\/wp\/v2\/product_tag?post=49598"}],"curies":[{"name":"wp","href":"https:\/\/api.w.org\/{rel}","templated":true}]}}