{"id":49599,"date":"2023-05-18T15:33:40","date_gmt":"2023-05-18T13:33:40","guid":{"rendered":"https:\/\/arketipo.com\/prodotto\/evron\/"},"modified":"2025-07-29T08:34:26","modified_gmt":"2025-07-29T06:34:26","slug":"evron","status":"publish","type":"product","link":"https:\/\/arketipo.com\/fr\/prodotto\/evron\/","title":{"rendered":"Evron"},"content":{"rendered":"","protected":false},"excerpt":{"rendered":"<p>La collection Evron est tiss\u00e9e sur une cha\u00eene imprim\u00e9e en viscose et en lin. Sa particularit\u00e9 r\u00e9side dans le fil fantaisie sp\u00e9cial utilis\u00e9 dans la trame : une chenille de coton et de viscose avec un effet boucl\u00e9 obtenu gr\u00e2ce \u00e0 des machines sp\u00e9ciales de d\u00e9veloppement de fils fantaisie. L&rsquo;\u00e9paisseur \u00e9lev\u00e9e du fil de trame boucl\u00e9 rend ce tissu compact. Un long processus de finition avec une s\u00e9rie de lavages et un traitement \u00ab\u00a0Airo\u00a0\u00bb conf\u00e8rent au tissu une bonne douceur au toucher.<\/p>\n","protected":false},"featured_media":42595,"comment_status":"closed","ping_status":"closed","template":"","meta":[],"product_brand":[],"product_cat":[199],"product_tag":[468],"class_list":{"0":"post-49599","1":"product","2":"type-product","3":"status-publish","4":"has-post-thumbnail","6":"product_cat-tissus","7":"product_tag-cat-e-5","9":"first","10":"instock","11":"product-type-simple"},"_links":{"self":[{"href":"https:\/\/arketipo.com\/fr\/wp-json\/wp\/v2\/product\/49599","targetHints":{"allow":["GET"]}}],"collection":[{"href":"https:\/\/arketipo.com\/fr\/wp-json\/wp\/v2\/product"}],"about":[{"href":"https:\/\/arketipo.com\/fr\/wp-json\/wp\/v2\/types\/product"}],"replies":[{"embeddable":true,"href":"https:\/\/arketipo.com\/fr\/wp-json\/wp\/v2\/comments?post=49599"}],"wp:featuredmedia":[{"embeddable":true,"href":"https:\/\/arketipo.com\/fr\/wp-json\/wp\/v2\/media\/42595"}],"wp:attachment":[{"href":"https:\/\/arketipo.com\/fr\/wp-json\/wp\/v2\/media?parent=49599"}],"wp:term":[{"taxonomy":"product_brand","embeddable":true,"href":"https:\/\/arketipo.com\/fr\/wp-json\/wp\/v2\/product_brand?post=49599"},{"taxonomy":"product_cat","embeddable":true,"href":"https:\/\/arketipo.com\/fr\/wp-json\/wp\/v2\/product_cat?post=49599"},{"taxonomy":"product_tag","embeddable":true,"href":"https:\/\/arketipo.com\/fr\/wp-json\/wp\/v2\/product_tag?post=49599"}],"curies":[{"name":"wp","href":"https:\/\/api.w.org\/{rel}","templated":true}]}}