{"id":49600,"date":"2023-05-18T15:33:40","date_gmt":"2023-05-18T13:33:40","guid":{"rendered":"https:\/\/arketipo.com\/prodotto\/elite\/"},"modified":"2025-07-29T08:34:27","modified_gmt":"2025-07-29T06:34:27","slug":"elite","status":"publish","type":"product","link":"https:\/\/arketipo.com\/fr\/prodotto\/elite\/","title":{"rendered":"\u00c9lite"},"content":{"rendered":"","protected":false},"excerpt":{"rendered":"<p>La collection \u00c9lite est fabriqu\u00e9e \u00e0 partir d&rsquo;un fil de microfibre tr\u00e8s r\u00e9sistant qui conf\u00e8re au tissu d&rsquo;excellentes caract\u00e9ristiques techniques : r\u00e9sistance \u00e9lev\u00e9e \u00e0 l&rsquo;abrasion et au boulochage, douceur et effet sp\u00e9cial d&rsquo;\u00e9criture. Des colorants non toxiques et respectueux de l&rsquo;environnement sont utilis\u00e9s pour la teinture. La collection \u00c9lite est lavable \u00e0 l&rsquo;eau et r\u00e9sistante au feu. Elle est conforme aux normes suivantes : Classe 1 IM &#8211; BS 5852 Part O &#038;amp ; 1:1979 &#8211; CRIB 5 BS 5852:2006 &#8211; EN 1021-1:2006 &#038; ; EN1021-2:2006 &#8211; TB117:2013.<\/p>\n","protected":false},"featured_media":42481,"comment_status":"closed","ping_status":"closed","template":"","meta":[],"product_brand":[],"product_cat":[199],"product_tag":[468],"class_list":{"0":"post-49600","1":"product","2":"type-product","3":"status-publish","4":"has-post-thumbnail","6":"product_cat-tissus","7":"product_tag-cat-e-5","9":"first","10":"instock","11":"product-type-simple"},"_links":{"self":[{"href":"https:\/\/arketipo.com\/fr\/wp-json\/wp\/v2\/product\/49600","targetHints":{"allow":["GET"]}}],"collection":[{"href":"https:\/\/arketipo.com\/fr\/wp-json\/wp\/v2\/product"}],"about":[{"href":"https:\/\/arketipo.com\/fr\/wp-json\/wp\/v2\/types\/product"}],"replies":[{"embeddable":true,"href":"https:\/\/arketipo.com\/fr\/wp-json\/wp\/v2\/comments?post=49600"}],"wp:featuredmedia":[{"embeddable":true,"href":"https:\/\/arketipo.com\/fr\/wp-json\/wp\/v2\/media\/42481"}],"wp:attachment":[{"href":"https:\/\/arketipo.com\/fr\/wp-json\/wp\/v2\/media?parent=49600"}],"wp:term":[{"taxonomy":"product_brand","embeddable":true,"href":"https:\/\/arketipo.com\/fr\/wp-json\/wp\/v2\/product_brand?post=49600"},{"taxonomy":"product_cat","embeddable":true,"href":"https:\/\/arketipo.com\/fr\/wp-json\/wp\/v2\/product_cat?post=49600"},{"taxonomy":"product_tag","embeddable":true,"href":"https:\/\/arketipo.com\/fr\/wp-json\/wp\/v2\/product_tag?post=49600"}],"curies":[{"name":"wp","href":"https:\/\/api.w.org\/{rel}","templated":true}]}}