{"id":49603,"date":"2023-05-18T15:33:08","date_gmt":"2023-05-18T13:33:08","guid":{"rendered":"https:\/\/arketipo.com\/prodotto\/diva\/"},"modified":"2025-07-29T08:34:38","modified_gmt":"2025-07-29T06:34:38","slug":"diva","status":"publish","type":"product","link":"https:\/\/arketipo.com\/fr\/prodotto\/diva\/","title":{"rendered":"Diva"},"content":{"rendered":"","protected":false},"excerpt":{"rendered":"<p>Diva est fabriqu\u00e9e en armure toile, la premi\u00e8re et la plus compacte des armures, con\u00e7ue pour mettre en valeur la chenille de polyester \u00e0 poils longs, belle et attrayante. Il ne s&rsquo;agit pas d&rsquo;une chenille ordinaire, mais d&rsquo;un fil sp\u00e9cial obtenu en coupant des filaments travaill\u00e9s en filature \u00e0 bouts libres, avec compression des fibres et non en filature traditionnelle. Le r\u00e9sultat final est un tissu sp\u00e9cial avec une belle main, douce et en m\u00eame temps pleine, avec une tr\u00e8s faible perte de lustre pendant l&rsquo;utilisation au fil du temps. Ce tissu \u00ab\u00a0effet velours\u00a0\u00bb s&#8217;embellit au fur et \u00e0 mesure qu&rsquo;il est utilis\u00e9 ; les fibres ajour\u00e9es ont tendance \u00e0 s&rsquo;ouvrir avec le temps, ce qui lui conf\u00e8re continuellement une douceur velout\u00e9e, cette sensation s\u00e9duisante et agr\u00e9able qui le rend unique. Diva convient \u00e0 toutes les saisons et se marie tr\u00e8s bien avec tous les d\u00e9cors, qu&rsquo;ils soient classiques ou modernes.<\/p>\n","protected":false},"featured_media":42441,"comment_status":"closed","ping_status":"closed","template":"","meta":[],"product_brand":[],"product_cat":[199],"product_tag":[464],"class_list":{"0":"post-49603","1":"product","2":"type-product","3":"status-publish","4":"has-post-thumbnail","6":"product_cat-tissus","7":"product_tag-cat-d-5","9":"first","10":"instock","11":"product-type-simple"},"_links":{"self":[{"href":"https:\/\/arketipo.com\/fr\/wp-json\/wp\/v2\/product\/49603","targetHints":{"allow":["GET"]}}],"collection":[{"href":"https:\/\/arketipo.com\/fr\/wp-json\/wp\/v2\/product"}],"about":[{"href":"https:\/\/arketipo.com\/fr\/wp-json\/wp\/v2\/types\/product"}],"replies":[{"embeddable":true,"href":"https:\/\/arketipo.com\/fr\/wp-json\/wp\/v2\/comments?post=49603"}],"wp:featuredmedia":[{"embeddable":true,"href":"https:\/\/arketipo.com\/fr\/wp-json\/wp\/v2\/media\/42441"}],"wp:attachment":[{"href":"https:\/\/arketipo.com\/fr\/wp-json\/wp\/v2\/media?parent=49603"}],"wp:term":[{"taxonomy":"product_brand","embeddable":true,"href":"https:\/\/arketipo.com\/fr\/wp-json\/wp\/v2\/product_brand?post=49603"},{"taxonomy":"product_cat","embeddable":true,"href":"https:\/\/arketipo.com\/fr\/wp-json\/wp\/v2\/product_cat?post=49603"},{"taxonomy":"product_tag","embeddable":true,"href":"https:\/\/arketipo.com\/fr\/wp-json\/wp\/v2\/product_tag?post=49603"}],"curies":[{"name":"wp","href":"https:\/\/api.w.org\/{rel}","templated":true}]}}