{"id":49604,"date":"2023-05-18T15:32:47","date_gmt":"2023-05-18T13:32:47","guid":{"rendered":"https:\/\/arketipo.com\/prodotto\/diem\/"},"modified":"2025-07-29T08:34:39","modified_gmt":"2025-07-29T06:34:39","slug":"diem","status":"publish","type":"product","link":"https:\/\/arketipo.com\/fr\/prodotto\/diem\/","title":{"rendered":"Diem"},"content":{"rendered":"","protected":false},"excerpt":{"rendered":"<p>Le tissu est tiss\u00e9 sur une cha\u00eene de 9600 fils de polyester torsad\u00e9s avec deux trames de fils fantaisie, qui caract\u00e9risent grandement son aspect unique gr\u00e2ce \u00e0 l&rsquo;utilisation d&rsquo;une trame chenille m\u00e9lang\u00e9e qui donne au tissu une certaine douceur et d&rsquo;un lin avec un effet imprim\u00e9 multicolore, un travail unique qui donne du mouvement \u00e0 la structure du textile. La finition avec le traitement adoucissant et le s\u00e9chage airo rendent cette qualit\u00e9 \u00e0 la fois durable et enveloppante.<\/p>\n","protected":false},"featured_media":42410,"comment_status":"closed","ping_status":"closed","template":"","meta":[],"product_brand":[],"product_cat":[199],"product_tag":[464],"class_list":{"0":"post-49604","1":"product","2":"type-product","3":"status-publish","4":"has-post-thumbnail","6":"product_cat-tissus","7":"product_tag-cat-d-5","9":"first","10":"instock","11":"product-type-simple"},"_links":{"self":[{"href":"https:\/\/arketipo.com\/fr\/wp-json\/wp\/v2\/product\/49604","targetHints":{"allow":["GET"]}}],"collection":[{"href":"https:\/\/arketipo.com\/fr\/wp-json\/wp\/v2\/product"}],"about":[{"href":"https:\/\/arketipo.com\/fr\/wp-json\/wp\/v2\/types\/product"}],"replies":[{"embeddable":true,"href":"https:\/\/arketipo.com\/fr\/wp-json\/wp\/v2\/comments?post=49604"}],"wp:featuredmedia":[{"embeddable":true,"href":"https:\/\/arketipo.com\/fr\/wp-json\/wp\/v2\/media\/42410"}],"wp:attachment":[{"href":"https:\/\/arketipo.com\/fr\/wp-json\/wp\/v2\/media?parent=49604"}],"wp:term":[{"taxonomy":"product_brand","embeddable":true,"href":"https:\/\/arketipo.com\/fr\/wp-json\/wp\/v2\/product_brand?post=49604"},{"taxonomy":"product_cat","embeddable":true,"href":"https:\/\/arketipo.com\/fr\/wp-json\/wp\/v2\/product_cat?post=49604"},{"taxonomy":"product_tag","embeddable":true,"href":"https:\/\/arketipo.com\/fr\/wp-json\/wp\/v2\/product_tag?post=49604"}],"curies":[{"name":"wp","href":"https:\/\/api.w.org\/{rel}","templated":true}]}}