{"id":49605,"date":"2023-05-18T17:32:47","date_gmt":"2023-05-18T15:32:47","guid":{"rendered":"https:\/\/arketipo.com\/prodotto\/vellupl\/"},"modified":"2025-07-29T08:34:40","modified_gmt":"2025-07-29T06:34:40","slug":"vellupl","status":"publish","type":"product","link":"https:\/\/arketipo.com\/fr\/prodotto\/vellupl\/","title":{"rendered":"Vell\u00f9PL"},"content":{"rendered":"","protected":false},"excerpt":{"rendered":"<p>L&rsquo;article Vell\u00f9 PL est r\u00e9alis\u00e9 avec un fil de polyester \u00ab\u00a0HYPER MATTE\u00a0\u00bb (super mat) pour cr\u00e9er l&rsquo;effet d&rsquo;un velours de coton \u00e0 longs poils qui, gr\u00e2ce \u00e0 ses caract\u00e9ristiques, ne s&rsquo;ab\u00eeme pas. Il est lavable \u00e0 30\u00b0, pr\u00e9sente une r\u00e9sistance \u00e9lev\u00e9e \u00e0 l&rsquo;abrasion (Martindale) et, en m\u00eame temps, est doux au toucher. Le tissage utilis\u00e9 pour cr\u00e9er ce velours est aussi compact que possible et le fait ressembler \u00e0 un velours de coton fin.<\/p>\n","protected":false},"featured_media":42348,"comment_status":"closed","ping_status":"closed","template":"","meta":[],"product_brand":[],"product_cat":[199],"product_tag":[468],"class_list":{"0":"post-49605","1":"product","2":"type-product","3":"status-publish","4":"has-post-thumbnail","6":"product_cat-tissus","7":"product_tag-cat-e-5","9":"first","10":"instock","11":"product-type-simple"},"_links":{"self":[{"href":"https:\/\/arketipo.com\/fr\/wp-json\/wp\/v2\/product\/49605","targetHints":{"allow":["GET"]}}],"collection":[{"href":"https:\/\/arketipo.com\/fr\/wp-json\/wp\/v2\/product"}],"about":[{"href":"https:\/\/arketipo.com\/fr\/wp-json\/wp\/v2\/types\/product"}],"replies":[{"embeddable":true,"href":"https:\/\/arketipo.com\/fr\/wp-json\/wp\/v2\/comments?post=49605"}],"wp:featuredmedia":[{"embeddable":true,"href":"https:\/\/arketipo.com\/fr\/wp-json\/wp\/v2\/media\/42348"}],"wp:attachment":[{"href":"https:\/\/arketipo.com\/fr\/wp-json\/wp\/v2\/media?parent=49605"}],"wp:term":[{"taxonomy":"product_brand","embeddable":true,"href":"https:\/\/arketipo.com\/fr\/wp-json\/wp\/v2\/product_brand?post=49605"},{"taxonomy":"product_cat","embeddable":true,"href":"https:\/\/arketipo.com\/fr\/wp-json\/wp\/v2\/product_cat?post=49605"},{"taxonomy":"product_tag","embeddable":true,"href":"https:\/\/arketipo.com\/fr\/wp-json\/wp\/v2\/product_tag?post=49605"}],"curies":[{"name":"wp","href":"https:\/\/api.w.org\/{rel}","templated":true}]}}