{"id":49606,"date":"2023-05-18T15:32:08","date_gmt":"2023-05-18T13:32:08","guid":{"rendered":"https:\/\/arketipo.com\/prodotto\/dudeup\/"},"modified":"2025-07-29T08:34:41","modified_gmt":"2025-07-29T06:34:41","slug":"dudeup","status":"publish","type":"product","link":"https:\/\/arketipo.com\/fr\/prodotto\/dudeup\/","title":{"rendered":"Dudeup"},"content":{"rendered":"","protected":false},"excerpt":{"rendered":"<p>La cha\u00eene est compos\u00e9e de viscose et de lin torsad\u00e9 imprim\u00e9 et d&rsquo;un coton boucl\u00e9 li\u00e9 avec un polyester fin. La trame est compos\u00e9e d&rsquo;un fil torsad\u00e9 de viscose imprim\u00e9e et de lin grossier, d&rsquo;un fil torsad\u00e9 de viscose unie et de lin uni et de chenille unie. Le type de teinture des paquets, appel\u00e9 \u00ab\u00a0teinture d&rsquo;espace\u00a0\u00bb, permet d&rsquo;obtenir un fil nuanc\u00e9 multicolore. L&rsquo;imprim\u00e9 se d\u00e9place sur le fond du dessin, mettant en valeur le fil torsad\u00e9. Le m\u00e9lange de fils fantaisie qui comprend des effets imprim\u00e9s en cha\u00eene et en trame et des effets de fils torsad\u00e9s qui rendent le tissu presque \u00ab\u00a0fait main\u00a0\u00bb. Dans cet aspect boucl\u00e9, la chenille ne sert qu&rsquo;\u00e0 apporter une touche de douceur. Un tissu unique et difficilement reproductible, d\u00e9velopp\u00e9 sur mesure pour Arketipo. La finition le rend doux au toucher et en m\u00eame temps durable.<\/p>\n","protected":false},"featured_media":58201,"comment_status":"closed","ping_status":"closed","template":"","meta":[],"product_brand":[],"product_cat":[199],"product_tag":[464],"class_list":{"0":"post-49606","1":"product","2":"type-product","3":"status-publish","4":"has-post-thumbnail","6":"product_cat-tissus","7":"product_tag-cat-d-5","9":"first","10":"instock","11":"product-type-simple"},"_links":{"self":[{"href":"https:\/\/arketipo.com\/fr\/wp-json\/wp\/v2\/product\/49606","targetHints":{"allow":["GET"]}}],"collection":[{"href":"https:\/\/arketipo.com\/fr\/wp-json\/wp\/v2\/product"}],"about":[{"href":"https:\/\/arketipo.com\/fr\/wp-json\/wp\/v2\/types\/product"}],"replies":[{"embeddable":true,"href":"https:\/\/arketipo.com\/fr\/wp-json\/wp\/v2\/comments?post=49606"}],"wp:featuredmedia":[{"embeddable":true,"href":"https:\/\/arketipo.com\/fr\/wp-json\/wp\/v2\/media\/58201"}],"wp:attachment":[{"href":"https:\/\/arketipo.com\/fr\/wp-json\/wp\/v2\/media?parent=49606"}],"wp:term":[{"taxonomy":"product_brand","embeddable":true,"href":"https:\/\/arketipo.com\/fr\/wp-json\/wp\/v2\/product_brand?post=49606"},{"taxonomy":"product_cat","embeddable":true,"href":"https:\/\/arketipo.com\/fr\/wp-json\/wp\/v2\/product_cat?post=49606"},{"taxonomy":"product_tag","embeddable":true,"href":"https:\/\/arketipo.com\/fr\/wp-json\/wp\/v2\/product_tag?post=49606"}],"curies":[{"name":"wp","href":"https:\/\/api.w.org\/{rel}","templated":true}]}}