{"id":49607,"date":"2023-05-18T15:32:08","date_gmt":"2023-05-18T13:32:08","guid":{"rendered":"https:\/\/arketipo.com\/prodotto\/dakota\/"},"modified":"2025-07-29T08:34:42","modified_gmt":"2025-07-29T06:34:42","slug":"dakota","status":"publish","type":"product","link":"https:\/\/arketipo.com\/fr\/prodotto\/dakota\/","title":{"rendered":"Dakota"},"content":{"rendered":"","protected":false},"excerpt":{"rendered":"<p>Ces quatre couleurs de la collection Dakota ont un bel effet tridimensionnel et bicolore donn\u00e9 par la l\u00e9g\u00e8re diff\u00e9rence de ton entre la cha\u00eene et la trame et le micro-motif. La composition est essentiellement naturelle gr\u00e2ce \u00e0 la pr\u00e9sence de fils de viscose et de lin dans la cha\u00eene combin\u00e9e \u00e0 une trame de coton et de chenille Dralon. Cette chenille acrylique particuli\u00e8re est thermo-isolante et douce et a l&rsquo;avantage de ne pas se bosseler tout en conservant l&rsquo;aspect de la chenille viscose classique.<\/p>\n","protected":false},"featured_media":42271,"comment_status":"closed","ping_status":"closed","template":"","meta":[],"product_brand":[],"product_cat":[199],"product_tag":[464],"class_list":{"0":"post-49607","1":"product","2":"type-product","3":"status-publish","4":"has-post-thumbnail","6":"product_cat-tissus","7":"product_tag-cat-d-5","9":"first","10":"instock","11":"product-type-simple"},"_links":{"self":[{"href":"https:\/\/arketipo.com\/fr\/wp-json\/wp\/v2\/product\/49607","targetHints":{"allow":["GET"]}}],"collection":[{"href":"https:\/\/arketipo.com\/fr\/wp-json\/wp\/v2\/product"}],"about":[{"href":"https:\/\/arketipo.com\/fr\/wp-json\/wp\/v2\/types\/product"}],"replies":[{"embeddable":true,"href":"https:\/\/arketipo.com\/fr\/wp-json\/wp\/v2\/comments?post=49607"}],"wp:featuredmedia":[{"embeddable":true,"href":"https:\/\/arketipo.com\/fr\/wp-json\/wp\/v2\/media\/42271"}],"wp:attachment":[{"href":"https:\/\/arketipo.com\/fr\/wp-json\/wp\/v2\/media?parent=49607"}],"wp:term":[{"taxonomy":"product_brand","embeddable":true,"href":"https:\/\/arketipo.com\/fr\/wp-json\/wp\/v2\/product_brand?post=49607"},{"taxonomy":"product_cat","embeddable":true,"href":"https:\/\/arketipo.com\/fr\/wp-json\/wp\/v2\/product_cat?post=49607"},{"taxonomy":"product_tag","embeddable":true,"href":"https:\/\/arketipo.com\/fr\/wp-json\/wp\/v2\/product_tag?post=49607"}],"curies":[{"name":"wp","href":"https:\/\/api.w.org\/{rel}","templated":true}]}}