{"id":49610,"date":"2023-05-18T15:31:52","date_gmt":"2023-05-18T13:31:52","guid":{"rendered":"https:\/\/arketipo.com\/prodotto\/dub\/"},"modified":"2025-07-29T08:34:45","modified_gmt":"2025-07-29T06:34:45","slug":"dub","status":"publish","type":"product","link":"https:\/\/arketipo.com\/fr\/prodotto\/dub\/","title":{"rendered":"Dub"},"content":{"rendered":"","protected":false},"excerpt":{"rendered":"<p>La collection Dub, r\u00e9alis\u00e9e sur des m\u00e9tiers \u00e0 tisser jacquard, pr\u00e9sente deux caract\u00e9ristiques qui la rendent unique : la cha\u00eene est un m\u00e9lange de viscose et de lin torsad\u00e9 et imprim\u00e9 selon un proc\u00e9d\u00e9 d&rsquo;impression sp\u00e9cial appel\u00e9 \u00ab\u00a0teinture dans l&rsquo;espace\u00a0\u00bb, qui consiste \u00e0 teindre chaque bobine au moyen d&rsquo;\u00e9pingles, afin d&rsquo;obtenir un fil dont la couleur n&rsquo;est pas homog\u00e8ne, mais nuanc\u00e9e de plusieurs couleurs. L&rsquo;impression d\u00e9place le fond du dessin et met en valeur le fil torsad\u00e9. La trame est compos\u00e9e de deux fils : le coton imprim\u00e9 selon le m\u00eame proc\u00e9d\u00e9 que la cha\u00eene et la chenille \u00e0 effet m\u00e9lang\u00e9, obtenue gr\u00e2ce \u00e0 un processus de production minutieux et long qui combine deux couleurs. Le fil de coton et la chenille sont ensuite torsad\u00e9s ensemble.<\/p>\n","protected":false},"featured_media":42199,"comment_status":"closed","ping_status":"closed","template":"","meta":[],"product_brand":[],"product_cat":[199],"product_tag":[464],"class_list":{"0":"post-49610","1":"product","2":"type-product","3":"status-publish","4":"has-post-thumbnail","6":"product_cat-tissus","7":"product_tag-cat-d-5","9":"first","10":"instock","11":"product-type-simple"},"_links":{"self":[{"href":"https:\/\/arketipo.com\/fr\/wp-json\/wp\/v2\/product\/49610","targetHints":{"allow":["GET"]}}],"collection":[{"href":"https:\/\/arketipo.com\/fr\/wp-json\/wp\/v2\/product"}],"about":[{"href":"https:\/\/arketipo.com\/fr\/wp-json\/wp\/v2\/types\/product"}],"replies":[{"embeddable":true,"href":"https:\/\/arketipo.com\/fr\/wp-json\/wp\/v2\/comments?post=49610"}],"wp:featuredmedia":[{"embeddable":true,"href":"https:\/\/arketipo.com\/fr\/wp-json\/wp\/v2\/media\/42199"}],"wp:attachment":[{"href":"https:\/\/arketipo.com\/fr\/wp-json\/wp\/v2\/media?parent=49610"}],"wp:term":[{"taxonomy":"product_brand","embeddable":true,"href":"https:\/\/arketipo.com\/fr\/wp-json\/wp\/v2\/product_brand?post=49610"},{"taxonomy":"product_cat","embeddable":true,"href":"https:\/\/arketipo.com\/fr\/wp-json\/wp\/v2\/product_cat?post=49610"},{"taxonomy":"product_tag","embeddable":true,"href":"https:\/\/arketipo.com\/fr\/wp-json\/wp\/v2\/product_tag?post=49610"}],"curies":[{"name":"wp","href":"https:\/\/api.w.org\/{rel}","templated":true}]}}