{"id":49614,"date":"2023-05-18T15:30:32","date_gmt":"2023-05-18T13:30:32","guid":{"rendered":"https:\/\/arketipo.com\/prodotto\/taiga\/"},"modified":"2025-07-29T08:34:51","modified_gmt":"2025-07-29T06:34:51","slug":"taiga","status":"publish","type":"product","link":"https:\/\/arketipo.com\/fr\/prodotto\/taiga\/","title":{"rendered":"Taiga"},"content":{"rendered":"","protected":false},"excerpt":{"rendered":"<p>La collection Taiga est un tissu Jacquard orthogonal construit sur 4 800 fils de cha\u00eene (cha\u00eene) comme suit : un fil de viscose et de lin savamment dos\u00e9 dans la filature en peigne et ensuite torsad\u00e9 en deux pi\u00e8ces, et un fil synth\u00e9tique pour donner de la force et de la t\u00e9nacit\u00e9 \u00e0 l&rsquo;\u00e9toffe finale. La trame est constitu\u00e9e d&rsquo;un fil de coton et d&rsquo;un fil de viscose et de chenille de coton teint\u00e9s en fil tr\u00e8s doux. Le r\u00e9sultat final de l&rsquo;ensemble de la structure textile est un fil \u00e0 fil discret, c&rsquo;est-\u00e0-dire un effet de couleur particulier d\u00fb \u00e0 l&rsquo;utilisation de fils de couleurs altern\u00e9es dans la cha\u00eene, qui est davantage mis en valeur dans les variantes plus sombres. La chenille se sent mais ne se voit pas car elle est \u00e9troitement tiss\u00e9e dans la trame du tissu, ce qui donne au tissu un aspect vraiment nouveau et int\u00e9ressant.<\/p>\n","protected":false},"featured_media":41938,"comment_status":"closed","ping_status":"closed","template":"","meta":[],"product_brand":[],"product_cat":[199],"product_tag":[464],"class_list":{"0":"post-49614","1":"product","2":"type-product","3":"status-publish","4":"has-post-thumbnail","6":"product_cat-tissus","7":"product_tag-cat-d-5","9":"first","10":"instock","11":"product-type-simple"},"_links":{"self":[{"href":"https:\/\/arketipo.com\/fr\/wp-json\/wp\/v2\/product\/49614","targetHints":{"allow":["GET"]}}],"collection":[{"href":"https:\/\/arketipo.com\/fr\/wp-json\/wp\/v2\/product"}],"about":[{"href":"https:\/\/arketipo.com\/fr\/wp-json\/wp\/v2\/types\/product"}],"replies":[{"embeddable":true,"href":"https:\/\/arketipo.com\/fr\/wp-json\/wp\/v2\/comments?post=49614"}],"wp:featuredmedia":[{"embeddable":true,"href":"https:\/\/arketipo.com\/fr\/wp-json\/wp\/v2\/media\/41938"}],"wp:attachment":[{"href":"https:\/\/arketipo.com\/fr\/wp-json\/wp\/v2\/media?parent=49614"}],"wp:term":[{"taxonomy":"product_brand","embeddable":true,"href":"https:\/\/arketipo.com\/fr\/wp-json\/wp\/v2\/product_brand?post=49614"},{"taxonomy":"product_cat","embeddable":true,"href":"https:\/\/arketipo.com\/fr\/wp-json\/wp\/v2\/product_cat?post=49614"},{"taxonomy":"product_tag","embeddable":true,"href":"https:\/\/arketipo.com\/fr\/wp-json\/wp\/v2\/product_tag?post=49614"}],"curies":[{"name":"wp","href":"https:\/\/api.w.org\/{rel}","templated":true}]}}