{"id":49616,"date":"2023-05-18T15:29:58","date_gmt":"2023-05-18T13:29:58","guid":{"rendered":"https:\/\/arketipo.com\/prodotto\/pyro\/"},"modified":"2025-12-03T13:47:36","modified_gmt":"2025-12-03T12:47:36","slug":"pyro","status":"publish","type":"product","link":"https:\/\/arketipo.com\/fr\/prodotto\/pyro\/","title":{"rendered":"Pyro"},"content":{"rendered":"","protected":false},"excerpt":{"rendered":"<p>La collection Pyro est une armure toile r\u00e9alis\u00e9e avec un fond de coton torsad\u00e9 \u00e0 deux couches qui n&rsquo;appara\u00eet pas sur l&rsquo;endroit du tissu, mais qui maintient l&rsquo;effet de surface bien li\u00e9 et donne en m\u00eame temps au tissu la r\u00e9sistance n\u00e9cessaire. L&rsquo;aspect particulier est d\u00fb \u00e0 l&rsquo;effet tachet\u00e9 avec des flammes douces de couleur calme et \u00e9l\u00e9gante, obtenu par le bon m\u00e9lange de fibres.<\/p>\n","protected":false},"featured_media":58595,"comment_status":"closed","ping_status":"closed","template":"","meta":[],"product_brand":[],"product_cat":[199],"product_tag":[464],"class_list":{"0":"post-49616","1":"product","2":"type-product","3":"status-publish","4":"has-post-thumbnail","6":"product_cat-tissus","7":"product_tag-cat-d-5","9":"first","10":"instock","11":"product-type-simple"},"_links":{"self":[{"href":"https:\/\/arketipo.com\/fr\/wp-json\/wp\/v2\/product\/49616","targetHints":{"allow":["GET"]}}],"collection":[{"href":"https:\/\/arketipo.com\/fr\/wp-json\/wp\/v2\/product"}],"about":[{"href":"https:\/\/arketipo.com\/fr\/wp-json\/wp\/v2\/types\/product"}],"replies":[{"embeddable":true,"href":"https:\/\/arketipo.com\/fr\/wp-json\/wp\/v2\/comments?post=49616"}],"wp:featuredmedia":[{"embeddable":true,"href":"https:\/\/arketipo.com\/fr\/wp-json\/wp\/v2\/media\/58595"}],"wp:attachment":[{"href":"https:\/\/arketipo.com\/fr\/wp-json\/wp\/v2\/media?parent=49616"}],"wp:term":[{"taxonomy":"product_brand","embeddable":true,"href":"https:\/\/arketipo.com\/fr\/wp-json\/wp\/v2\/product_brand?post=49616"},{"taxonomy":"product_cat","embeddable":true,"href":"https:\/\/arketipo.com\/fr\/wp-json\/wp\/v2\/product_cat?post=49616"},{"taxonomy":"product_tag","embeddable":true,"href":"https:\/\/arketipo.com\/fr\/wp-json\/wp\/v2\/product_tag?post=49616"}],"curies":[{"name":"wp","href":"https:\/\/api.w.org\/{rel}","templated":true}]}}