{"id":49617,"date":"2023-05-18T15:29:58","date_gmt":"2023-05-18T13:29:58","guid":{"rendered":"https:\/\/arketipo.com\/prodotto\/pure\/"},"modified":"2025-07-29T08:34:54","modified_gmt":"2025-07-29T06:34:54","slug":"pure","status":"publish","type":"product","link":"https:\/\/arketipo.com\/fr\/prodotto\/pure\/","title":{"rendered":"Pure"},"content":{"rendered":"","protected":false},"excerpt":{"rendered":"<p>Le nom de la collection est la traduction de pur et simple, refl\u00e9tant exactement le tissu de par sa composition et la couleur propos\u00e9e. La composition de 90 rounds est le lin, une fibre naturelle pr\u00e9cieuse, propre et fra\u00eeche qui a une excellente capacit\u00e9 d&rsquo;absorption de l&rsquo;humidit\u00e9. Le lin est tr\u00e8s r\u00e9sistant, ne provoque pas d&rsquo;allergies, est tr\u00e8s absorbant et agr\u00e9able sur la peau. La collection Pure est un lin teint dans la masse, l&rsquo;un des proc\u00e9d\u00e9s de teinture des tissus. Elle est r\u00e9alis\u00e9e en armure toile, sur un m\u00e9tier \u00e0 rati\u00e8re Itema, une technologie italienne, gage de qualit\u00e9. Le tissu orthogonal est simple, net et lin\u00e9aire. Le fil qui le compose est savamment travaill\u00e9 par des artisans experts en fils fantaisie avec des proc\u00e9d\u00e9s \u00e0 fuseau creux \u00e0 partir de tops en pur lin, tordus m\u00e9caniquement avec du nylon tr\u00e8s fin, pour valoriser le lin dans toutes ses particularit\u00e9s fibreuses d&rsquo;aspect et de naturel. Le tissu est ennobli par le calandrage, qui consiste \u00e0 presser le tissu avec de lourds rouleaux m\u00e9talliques qui \u00e9mettent simultan\u00e9ment de l&rsquo;humidit\u00e9 et de la chaleur pour donner au tissu plus d&rsquo;\u00e9clat et d&rsquo;uniformit\u00e9. La pi\u00e8ce est enfin r\u00e9-\u00e9tir\u00e9e en hauteur pour \u00e9viter qu&rsquo;elle ne s&rsquo;\u00e9tire au premier lavage et \u00e0 l&rsquo;usage. Le lin utilis\u00e9 pour ce tissu contient les irr\u00e9gularit\u00e9s naturelles du lin, qui sont imperceptibles. Lors de la phase d&rsquo;inspection, les n\u0153uds sont d\u00e9faits et les queues sont ins\u00e9r\u00e9es dans le tissu, ce qui permet d&rsquo;uniformiser l&rsquo;ensemble. Un poids de plus d&rsquo;un kilogramme par m\u00e8tre lin\u00e9aire rend ce textile apte \u00e0 de multiples usages. Ses caract\u00e9ristiques structurelles (pas de fils simples mais des fils torsad\u00e9s et des fils fantaisie) rendent le tissu r\u00e9sistant au temps et \u00e0 l&rsquo;usure.<\/p>\n","protected":false},"featured_media":41830,"comment_status":"closed","ping_status":"closed","template":"","meta":[],"product_brand":[],"product_cat":[199],"product_tag":[468],"class_list":{"0":"post-49617","1":"product","2":"type-product","3":"status-publish","4":"has-post-thumbnail","6":"product_cat-tissus","7":"product_tag-cat-e-5","9":"first","10":"instock","11":"product-type-simple"},"_links":{"self":[{"href":"https:\/\/arketipo.com\/fr\/wp-json\/wp\/v2\/product\/49617","targetHints":{"allow":["GET"]}}],"collection":[{"href":"https:\/\/arketipo.com\/fr\/wp-json\/wp\/v2\/product"}],"about":[{"href":"https:\/\/arketipo.com\/fr\/wp-json\/wp\/v2\/types\/product"}],"replies":[{"embeddable":true,"href":"https:\/\/arketipo.com\/fr\/wp-json\/wp\/v2\/comments?post=49617"}],"wp:featuredmedia":[{"embeddable":true,"href":"https:\/\/arketipo.com\/fr\/wp-json\/wp\/v2\/media\/41830"}],"wp:attachment":[{"href":"https:\/\/arketipo.com\/fr\/wp-json\/wp\/v2\/media?parent=49617"}],"wp:term":[{"taxonomy":"product_brand","embeddable":true,"href":"https:\/\/arketipo.com\/fr\/wp-json\/wp\/v2\/product_brand?post=49617"},{"taxonomy":"product_cat","embeddable":true,"href":"https:\/\/arketipo.com\/fr\/wp-json\/wp\/v2\/product_cat?post=49617"},{"taxonomy":"product_tag","embeddable":true,"href":"https:\/\/arketipo.com\/fr\/wp-json\/wp\/v2\/product_tag?post=49617"}],"curies":[{"name":"wp","href":"https:\/\/api.w.org\/{rel}","templated":true}]}}