{"id":49620,"date":"2023-05-18T15:28:42","date_gmt":"2023-05-18T13:28:42","guid":{"rendered":"https:\/\/arketipo.com\/prodotto\/mousse\/"},"modified":"2025-07-29T08:34:57","modified_gmt":"2025-07-29T06:34:57","slug":"mousse","status":"publish","type":"product","link":"https:\/\/arketipo.com\/fr\/prodotto\/mousse\/","title":{"rendered":"Mousse"},"content":{"rendered":"","protected":false},"excerpt":{"rendered":"<p>La cha\u00eene est compos\u00e9e de 100 tours de pur coton \u00e9gyptien. La fibre utilis\u00e9e est trait\u00e9e pour la rendre plus souple et plus r\u00e9sistante \u00e0 l&rsquo;abrasion lors du tissage. Le traitement d\u00e9crit ci-dessus, associ\u00e9 \u00e0 la trame en chenille de viscose tr\u00e8s douce, conf\u00e8re au tissu un aspect attrayant et moderne. Le tissu est tiss\u00e9 en toile pour le rendre plus ferme et pour faciliter le tissage de la housse.<\/p>\n","protected":false},"featured_media":41414,"comment_status":"closed","ping_status":"closed","template":"","meta":[],"product_brand":[],"product_cat":[199],"product_tag":[464],"class_list":{"0":"post-49620","1":"product","2":"type-product","3":"status-publish","4":"has-post-thumbnail","6":"product_cat-tissus","7":"product_tag-cat-d-5","9":"first","10":"instock","11":"product-type-simple"},"_links":{"self":[{"href":"https:\/\/arketipo.com\/fr\/wp-json\/wp\/v2\/product\/49620","targetHints":{"allow":["GET"]}}],"collection":[{"href":"https:\/\/arketipo.com\/fr\/wp-json\/wp\/v2\/product"}],"about":[{"href":"https:\/\/arketipo.com\/fr\/wp-json\/wp\/v2\/types\/product"}],"replies":[{"embeddable":true,"href":"https:\/\/arketipo.com\/fr\/wp-json\/wp\/v2\/comments?post=49620"}],"wp:featuredmedia":[{"embeddable":true,"href":"https:\/\/arketipo.com\/fr\/wp-json\/wp\/v2\/media\/41414"}],"wp:attachment":[{"href":"https:\/\/arketipo.com\/fr\/wp-json\/wp\/v2\/media?parent=49620"}],"wp:term":[{"taxonomy":"product_brand","embeddable":true,"href":"https:\/\/arketipo.com\/fr\/wp-json\/wp\/v2\/product_brand?post=49620"},{"taxonomy":"product_cat","embeddable":true,"href":"https:\/\/arketipo.com\/fr\/wp-json\/wp\/v2\/product_cat?post=49620"},{"taxonomy":"product_tag","embeddable":true,"href":"https:\/\/arketipo.com\/fr\/wp-json\/wp\/v2\/product_tag?post=49620"}],"curies":[{"name":"wp","href":"https:\/\/api.w.org\/{rel}","templated":true}]}}