{"id":49621,"date":"2023-05-18T15:28:32","date_gmt":"2023-05-18T13:28:32","guid":{"rendered":"https:\/\/arketipo.com\/prodotto\/maze\/"},"modified":"2025-07-29T08:34:58","modified_gmt":"2025-07-29T06:34:58","slug":"maze","status":"publish","type":"product","link":"https:\/\/arketipo.com\/fr\/prodotto\/maze\/","title":{"rendered":"Maze"},"content":{"rendered":"","protected":false},"excerpt":{"rendered":"<p>La collection Maze est un tissu Jacquard compos\u00e9 de diff\u00e9rentes fibres afin d&rsquo;obtenir un effet de tissage dans des nuances de couleurs m\u00e9lang\u00e9es. La cha\u00eene en viscose et en lin cr\u00e9e la base de l&rsquo;\u00e9clat et de l&rsquo;\u00e9l\u00e9gance du tissu, le coton stabilise et renforce la structure. La trame est constitu\u00e9e de fils ondul\u00e9s et multicolores qui cr\u00e9ent de la profondeur et de l&rsquo;\u00e9l\u00e9gance. Enfin, la chenille de la trame apporte la touche d&rsquo;extr\u00eame douceur indispensable \u00e0 une ambiance cosy. La collection b\u00e9n\u00e9ficie d&rsquo;un traitement antitache.<\/p>\n","protected":false},"featured_media":58506,"comment_status":"closed","ping_status":"closed","template":"","meta":[],"product_brand":[],"product_cat":[199],"product_tag":[464],"class_list":{"0":"post-49621","1":"product","2":"type-product","3":"status-publish","4":"has-post-thumbnail","6":"product_cat-tissus","7":"product_tag-cat-d-5","9":"first","10":"instock","11":"product-type-simple"},"_links":{"self":[{"href":"https:\/\/arketipo.com\/fr\/wp-json\/wp\/v2\/product\/49621","targetHints":{"allow":["GET"]}}],"collection":[{"href":"https:\/\/arketipo.com\/fr\/wp-json\/wp\/v2\/product"}],"about":[{"href":"https:\/\/arketipo.com\/fr\/wp-json\/wp\/v2\/types\/product"}],"replies":[{"embeddable":true,"href":"https:\/\/arketipo.com\/fr\/wp-json\/wp\/v2\/comments?post=49621"}],"wp:featuredmedia":[{"embeddable":true,"href":"https:\/\/arketipo.com\/fr\/wp-json\/wp\/v2\/media\/58506"}],"wp:attachment":[{"href":"https:\/\/arketipo.com\/fr\/wp-json\/wp\/v2\/media?parent=49621"}],"wp:term":[{"taxonomy":"product_brand","embeddable":true,"href":"https:\/\/arketipo.com\/fr\/wp-json\/wp\/v2\/product_brand?post=49621"},{"taxonomy":"product_cat","embeddable":true,"href":"https:\/\/arketipo.com\/fr\/wp-json\/wp\/v2\/product_cat?post=49621"},{"taxonomy":"product_tag","embeddable":true,"href":"https:\/\/arketipo.com\/fr\/wp-json\/wp\/v2\/product_tag?post=49621"}],"curies":[{"name":"wp","href":"https:\/\/api.w.org\/{rel}","templated":true}]}}