{"id":49626,"date":"2023-05-18T15:28:23","date_gmt":"2023-05-18T13:28:23","guid":{"rendered":"https:\/\/arketipo.com\/prodotto\/bugsy\/"},"modified":"2025-07-29T08:35:07","modified_gmt":"2025-07-29T06:35:07","slug":"bugsy","status":"publish","type":"product","link":"https:\/\/arketipo.com\/fr\/prodotto\/bugsy\/","title":{"rendered":"Bugsy"},"content":{"rendered":"","protected":false},"excerpt":{"rendered":"<p>L&rsquo;article BUGSY s&rsquo;inspire des costumes masculins haut de gamme, un \u00e9l\u00e9gant tissu jacquard lin-viscose. L&rsquo;utilisation de fils slub \u00e0 motifs, toujours ton sur ton, lui conf\u00e8re un aspect m\u00e9lang\u00e9 extr\u00eamement raffin\u00e9. Le contraste tr\u00e8s doux des couleurs et l&rsquo;aspect mat en font un tissu moderne, apte \u00e0 garnir discr\u00e8tement des si\u00e8ges importants et \u00e0 en exalter la forme et l&rsquo;harmonie. De plus, il s&rsquo;adapte facilement \u00e0 toutes les ambiances gr\u00e2ce \u00e0 ses tons subtils. Le tissu BUGSY pr\u00e9sente d&rsquo;excellentes valeurs de r\u00e9sistance \u00e0 l&rsquo;abrasion et de solidit\u00e9 \u00e0 la lumi\u00e8re. La viscose, m\u00e9lang\u00e9e au lin et non \u00e0 la chenille, emp\u00eache le rev\u00eatement de glisser.<\/p>\n","protected":false},"featured_media":5468,"comment_status":"closed","ping_status":"closed","template":"","meta":[],"product_brand":[],"product_cat":[199],"product_tag":[469],"class_list":{"0":"post-49626","1":"product","2":"type-product","3":"status-publish","4":"has-post-thumbnail","6":"product_cat-tissus","7":"product_tag-cat-c-5","9":"first","10":"instock","11":"product-type-simple"},"_links":{"self":[{"href":"https:\/\/arketipo.com\/fr\/wp-json\/wp\/v2\/product\/49626","targetHints":{"allow":["GET"]}}],"collection":[{"href":"https:\/\/arketipo.com\/fr\/wp-json\/wp\/v2\/product"}],"about":[{"href":"https:\/\/arketipo.com\/fr\/wp-json\/wp\/v2\/types\/product"}],"replies":[{"embeddable":true,"href":"https:\/\/arketipo.com\/fr\/wp-json\/wp\/v2\/comments?post=49626"}],"wp:featuredmedia":[{"embeddable":true,"href":"https:\/\/arketipo.com\/fr\/wp-json\/wp\/v2\/media\/5468"}],"wp:attachment":[{"href":"https:\/\/arketipo.com\/fr\/wp-json\/wp\/v2\/media?parent=49626"}],"wp:term":[{"taxonomy":"product_brand","embeddable":true,"href":"https:\/\/arketipo.com\/fr\/wp-json\/wp\/v2\/product_brand?post=49626"},{"taxonomy":"product_cat","embeddable":true,"href":"https:\/\/arketipo.com\/fr\/wp-json\/wp\/v2\/product_cat?post=49626"},{"taxonomy":"product_tag","embeddable":true,"href":"https:\/\/arketipo.com\/fr\/wp-json\/wp\/v2\/product_tag?post=49626"}],"curies":[{"name":"wp","href":"https:\/\/api.w.org\/{rel}","templated":true}]}}