{"id":49627,"date":"2023-05-18T15:28:23","date_gmt":"2023-05-18T13:28:23","guid":{"rendered":"https:\/\/arketipo.com\/prodotto\/deep\/"},"modified":"2025-07-29T08:35:08","modified_gmt":"2025-07-29T06:35:08","slug":"deep","status":"publish","type":"product","link":"https:\/\/arketipo.com\/fr\/prodotto\/deep\/","title":{"rendered":"Deep"},"content":{"rendered":"","protected":false},"excerpt":{"rendered":"<p>La collection Deep est un tissage fascinant qui permet d&rsquo;obtenir un effet tridimensionnel peu courant dans les tissus d&rsquo;ameublement. Le traitement du tissu et le m\u00e9lange des fibres utilis\u00e9es permettent d&rsquo;obtenir une gamme de couleurs et de marbrures extr\u00eamement agr\u00e9able. La structure rend le tissu compact et donc adapt\u00e9 \u00e0 une utilisation en ameublement. L&rsquo;effet gaufr\u00e9 ainsi obtenu donne l&rsquo;impression que deux tissus se superposent.<\/p>\n","protected":false},"featured_media":5474,"comment_status":"closed","ping_status":"closed","template":"","meta":[],"product_brand":[],"product_cat":[199],"product_tag":[464],"class_list":{"0":"post-49627","1":"product","2":"type-product","3":"status-publish","4":"has-post-thumbnail","6":"product_cat-tissus","7":"product_tag-cat-d-5","9":"first","10":"instock","11":"product-type-simple"},"_links":{"self":[{"href":"https:\/\/arketipo.com\/fr\/wp-json\/wp\/v2\/product\/49627","targetHints":{"allow":["GET"]}}],"collection":[{"href":"https:\/\/arketipo.com\/fr\/wp-json\/wp\/v2\/product"}],"about":[{"href":"https:\/\/arketipo.com\/fr\/wp-json\/wp\/v2\/types\/product"}],"replies":[{"embeddable":true,"href":"https:\/\/arketipo.com\/fr\/wp-json\/wp\/v2\/comments?post=49627"}],"wp:featuredmedia":[{"embeddable":true,"href":"https:\/\/arketipo.com\/fr\/wp-json\/wp\/v2\/media\/5474"}],"wp:attachment":[{"href":"https:\/\/arketipo.com\/fr\/wp-json\/wp\/v2\/media?parent=49627"}],"wp:term":[{"taxonomy":"product_brand","embeddable":true,"href":"https:\/\/arketipo.com\/fr\/wp-json\/wp\/v2\/product_brand?post=49627"},{"taxonomy":"product_cat","embeddable":true,"href":"https:\/\/arketipo.com\/fr\/wp-json\/wp\/v2\/product_cat?post=49627"},{"taxonomy":"product_tag","embeddable":true,"href":"https:\/\/arketipo.com\/fr\/wp-json\/wp\/v2\/product_tag?post=49627"}],"curies":[{"name":"wp","href":"https:\/\/api.w.org\/{rel}","templated":true}]}}