{"id":49726,"date":"2023-03-14T17:26:23","date_gmt":"2023-03-14T16:26:23","guid":{"rendered":"https:\/\/arketipo.com\/prodotto\/nascar-16\/"},"modified":"2025-07-29T08:36:32","modified_gmt":"2025-07-29T06:36:32","slug":"nascar","status":"publish","type":"product","link":"https:\/\/arketipo.com\/fr\/prodotto\/nascar\/","title":{"rendered":"Nascar"},"content":{"rendered":"<p>Prenez le principe de base de ce qu&rsquo;est une chaise, vous l&rsquo;avez compris ? Elle doit \u00eatre confortable, soutenue, avoir un style et un caract\u00e8re qui sont \u00e9galement uniques et m\u00eame \u00eatre inspir\u00e9e par quelque chose de plus grand&#8230; c&rsquo;est ce que Nascar repr\u00e9sente.<\/p>\n<p>Un seul regard sur le dossier et vous serez pardonn\u00e9 de vouloir instantan\u00e9ment vous asseoir. Que diriez-vous des lignes plongeantes, des accoudoirs courb\u00e9s, d&rsquo;un sentiment de familiarit\u00e9 en position assise ? Avez-vous m\u00eame remarqu\u00e9 les pieds, conservant un style de conception intrins\u00e8que qui se poursuit avec les caract\u00e9ristiques esth\u00e9tiques totales de la chaise.<\/p>\n<p>Tout est cr\u00e9\u00e9 pour avoir un but, avec Nascar, il s&rsquo;agit de prendre ce principe de base de la chaise et d&rsquo;injecter quelque chose de compl\u00e8tement nouveau dans l&rsquo;espace de vie.<\/p>\n","protected":false},"excerpt":{"rendered":"<p>Prenez le principe de base de ce qu&rsquo;est une chaise, vous l&rsquo;avez compris ? Elle doit \u00eatre confortable, soutenue, avoir un style et un caract\u00e8re qui sont \u00e9galement uniques et m\u00eame \u00eatre inspir\u00e9e par quelque chose de plus grand&#8230; c&rsquo;est ce que Nascar repr\u00e9sente. Un seul regard sur le dossier et vous serez pardonn\u00e9 de [&hellip;]<\/p>\n","protected":false},"featured_media":35824,"comment_status":"closed","ping_status":"closed","template":"","meta":[],"product_brand":[],"product_cat":[194,187],"product_tag":[],"class_list":{"0":"post-49726","1":"product","2":"type-product","3":"status-publish","4":"has-post-thumbnail","6":"product_cat-canapes","7":"product_cat-indoor-fr","9":"first","10":"instock","11":"product-type-simple"},"_links":{"self":[{"href":"https:\/\/arketipo.com\/fr\/wp-json\/wp\/v2\/product\/49726","targetHints":{"allow":["GET"]}}],"collection":[{"href":"https:\/\/arketipo.com\/fr\/wp-json\/wp\/v2\/product"}],"about":[{"href":"https:\/\/arketipo.com\/fr\/wp-json\/wp\/v2\/types\/product"}],"replies":[{"embeddable":true,"href":"https:\/\/arketipo.com\/fr\/wp-json\/wp\/v2\/comments?post=49726"}],"wp:featuredmedia":[{"embeddable":true,"href":"https:\/\/arketipo.com\/fr\/wp-json\/wp\/v2\/media\/35824"}],"wp:attachment":[{"href":"https:\/\/arketipo.com\/fr\/wp-json\/wp\/v2\/media?parent=49726"}],"wp:term":[{"taxonomy":"product_brand","embeddable":true,"href":"https:\/\/arketipo.com\/fr\/wp-json\/wp\/v2\/product_brand?post=49726"},{"taxonomy":"product_cat","embeddable":true,"href":"https:\/\/arketipo.com\/fr\/wp-json\/wp\/v2\/product_cat?post=49726"},{"taxonomy":"product_tag","embeddable":true,"href":"https:\/\/arketipo.com\/fr\/wp-json\/wp\/v2\/product_tag?post=49726"}],"curies":[{"name":"wp","href":"https:\/\/api.w.org\/{rel}","templated":true}]}}