{"id":49738,"date":"2025-04-07T15:41:32","date_gmt":"2025-04-07T13:41:32","guid":{"rendered":"https:\/\/arketipo.com\/prodotto\/bodyguard\/"},"modified":"2025-09-30T17:56:58","modified_gmt":"2025-09-30T15:56:58","slug":"bodyguard","status":"publish","type":"product","link":"https:\/\/arketipo.com\/fr\/prodotto\/bodyguard\/","title":{"rendered":"BODYGUARD"},"content":{"rendered":"<p>Que se passe-t-il lorsque nous cessons de rechercher uniquement le confort et que nous commen\u00e7ons \u00e0 vouloir autre chose ? Bodyguard veut que vous vous sentiez plus qu&rsquo;\u00e0 l&rsquo;aise, il veut que vous sentiez que tout ira bien.<br \/>\nIl ne s&rsquo;agit pas toujours de confort. Le confort est trop facile, il est trop souvent consid\u00e9r\u00e9 comme acquis. Et s&rsquo;il y avait quelque chose de plus ? Une longue journ\u00e9e qui se termine dans votre salon, dans votre coin, un moment pour rassembler vos pens\u00e9es et vos \u00e9motions. C&rsquo;est s\u00fbr, c&rsquo;est \u00e0 vous.<br \/>\nBodyguard est notre ode \u00e0 ces moments. Une fa\u00e7on de se d\u00e9tendre en toute libert\u00e9 et en toute d\u00e9contraction. Sachant que l&rsquo;impr\u00e9cis peut devenir pr\u00e9cis. Parce que la fa\u00e7on dont nous nous d\u00e9tendons est personnelle, et ici, avec Bodyguard, il s&rsquo;agit de capturer ce sentiment. Cette sensation de confort qui vous fait dire \u00a0\u00bb comme je me sens bien \u00ab\u00a0.<br \/>\nPour nous, un canap\u00e9 n&rsquo;est pas un simple meuble, c&rsquo;est un refuge, une exp\u00e9rience qui \u00e9volue avec vous. Les coussins Bodyguard sont en mouvement, le si\u00e8ge s&rsquo;adapte comme une seconde peau, vous enveloppant de douceur. Chaque accoudoir, chaque \u00e9l\u00e9ment est con\u00e7u pour bouger, pour s&rsquo;adapter \u00e0 vos besoins, pour vous offrir une relaxation qui devient aussi naturelle que la respiration. Il est d\u00e9contract\u00e9, non structur\u00e9, mais ferme dans son confort, car la vraie relaxation n&rsquo;est pas rigide, elle est fluide.<br \/>\n\u00ab\u00a0Vous \u00eates dans mes bras.\u00a0\u00bb Voici Bodyguard. Un canap\u00e9 qui non seulement vous soutient, mais vous comprend. Parce que le confort ne devrait jamais s&rsquo;arr\u00eater.   <\/p>\n","protected":false},"excerpt":{"rendered":"<p>Que se passe-t-il lorsque nous cessons de rechercher uniquement le confort et que nous commen\u00e7ons \u00e0 vouloir autre chose ? Bodyguard veut que vous vous sentiez plus qu&rsquo;\u00e0 l&rsquo;aise, il veut que vous sentiez que tout ira bien. Il ne s&rsquo;agit pas toujours de confort. Le confort est trop facile, il est trop souvent consid\u00e9r\u00e9 [&hellip;]<\/p>\n","protected":false},"featured_media":51140,"comment_status":"closed","ping_status":"closed","template":"","meta":[],"product_brand":[],"product_cat":[184],"product_tag":[],"class_list":{"0":"post-49738","1":"product","2":"type-product","3":"status-publish","4":"has-post-thumbnail","6":"product_cat-sofas-fr","8":"first","9":"instock","10":"product-type-simple"},"_links":{"self":[{"href":"https:\/\/arketipo.com\/fr\/wp-json\/wp\/v2\/product\/49738","targetHints":{"allow":["GET"]}}],"collection":[{"href":"https:\/\/arketipo.com\/fr\/wp-json\/wp\/v2\/product"}],"about":[{"href":"https:\/\/arketipo.com\/fr\/wp-json\/wp\/v2\/types\/product"}],"replies":[{"embeddable":true,"href":"https:\/\/arketipo.com\/fr\/wp-json\/wp\/v2\/comments?post=49738"}],"wp:featuredmedia":[{"embeddable":true,"href":"https:\/\/arketipo.com\/fr\/wp-json\/wp\/v2\/media\/51140"}],"wp:attachment":[{"href":"https:\/\/arketipo.com\/fr\/wp-json\/wp\/v2\/media?parent=49738"}],"wp:term":[{"taxonomy":"product_brand","embeddable":true,"href":"https:\/\/arketipo.com\/fr\/wp-json\/wp\/v2\/product_brand?post=49738"},{"taxonomy":"product_cat","embeddable":true,"href":"https:\/\/arketipo.com\/fr\/wp-json\/wp\/v2\/product_cat?post=49738"},{"taxonomy":"product_tag","embeddable":true,"href":"https:\/\/arketipo.com\/fr\/wp-json\/wp\/v2\/product_tag?post=49738"}],"curies":[{"name":"wp","href":"https:\/\/api.w.org\/{rel}","templated":true}]}}