{"id":57042,"date":"2025-10-09T11:03:06","date_gmt":"2025-10-09T09:03:06","guid":{"rendered":"https:\/\/arketipo.com\/prodotto\/bodyguard-zen\/"},"modified":"2025-10-21T16:21:12","modified_gmt":"2025-10-21T14:21:12","slug":"bodyguard-zen","status":"publish","type":"product","link":"https:\/\/arketipo.com\/fr\/prodotto\/bodyguard-zen\/","title":{"rendered":"BODYGUARD ZEN"},"content":{"rendered":"<div dir=\"ltr\" data-ogsc=\"rgb(0, 0, 0)\">Que se passe-t-il lorsque le d\u00e9sir de confort rencontre la qu\u00eate d&rsquo;un \u00e9quilibre sup\u00e9rieur ? Le design fluide du dossier du Bodyguard ZEN transcende le simple confort pour offrir une exp\u00e9rience de bien-\u00eatre total. Il ne s&rsquo;agit plus seulement de se d\u00e9tendre, mais de se sentir envelopp\u00e9 d&rsquo;un sentiment de paix et de pl\u00e9nitude, en sachant que tout est \u00e0 sa place.<\/div>\n<div dir=\"ltr\" data-ogsc=\"rgb(0, 0, 0)\"><\/div>\n<div data-ogsc=\"rgb(0, 0, 0)\">Le confort seul peut \u00eatre \u00e9ph\u00e9m\u00e8re. <strong>Bodyguard ZEN<\/strong>, vous invite \u00e0 d\u00e9couvrir une dimension suppl\u00e9mentaire. Imaginez la fin d&rsquo;une longue journ\u00e9e : vous vous abandonnez \u00e0 votre coin pr\u00e9f\u00e9r\u00e9, et maintenant, en plus de l&rsquo;\u00e9treinte enveloppante du si\u00e8ge, vous sentez un soutien doux et concentr\u00e9 qui vous accueille. C&rsquo;est un moment pour rassembler vos pens\u00e9es et vos \u00e9motions, un refuge qui n&rsquo;est pas seulement s\u00fbr et \u00e0 vous, mais qui vous \u00e9l\u00e8ve, vous offrant un soutien inattendu et b\u00e9n\u00e9fique. <span data-ogsb=\"rgb(255, 255, 255)\">Elle est d\u00e9contract\u00e9e, non structur\u00e9e, mais ferme dans son confort, car la vraie d\u00e9tente n&rsquo;est pas rigide, elle est fluide et vous soutient dans tous les domaines.<\/span><\/div>\n<div dir=\"ltr\" data-ogsc=\"rgb(0, 0, 0)\"><\/div>\n<div data-ogsc=\"rgb(0, 0, 0)\"><strong>Bodyguard ZEN<\/strong> est notre ode \u00e0 ces moments de d\u00e9tente. Une fa\u00e7on de se d\u00e9tendre en toute libert\u00e9 et d\u00e9contraction, en sachant que l&rsquo;impr\u00e9cis peut devenir pr\u00e9cis et que votre corps est parfaitement accept\u00e9. Parce que la fa\u00e7on dont nous nous d\u00e9tendons est personnelle.<\/div>\n","protected":false},"excerpt":{"rendered":"<p>Que se passe-t-il lorsque le d\u00e9sir de confort rencontre la qu\u00eate d&rsquo;un \u00e9quilibre sup\u00e9rieur ? Le design fluide du dossier du Bodyguard ZEN transcende le simple confort pour offrir une exp\u00e9rience de bien-\u00eatre total. Il ne s&rsquo;agit plus seulement de se d\u00e9tendre, mais de se sentir envelopp\u00e9 d&rsquo;un sentiment de paix et de pl\u00e9nitude, en [&hellip;]<\/p>\n","protected":false},"featured_media":56751,"comment_status":"closed","ping_status":"closed","template":"","meta":[],"product_brand":[],"product_cat":[184],"product_tag":[],"class_list":{"0":"post-57042","1":"product","2":"type-product","3":"status-publish","4":"has-post-thumbnail","6":"product_cat-sofas-fr","8":"first","9":"instock","10":"shipping-taxable","11":"product-type-simple"},"_links":{"self":[{"href":"https:\/\/arketipo.com\/fr\/wp-json\/wp\/v2\/product\/57042","targetHints":{"allow":["GET"]}}],"collection":[{"href":"https:\/\/arketipo.com\/fr\/wp-json\/wp\/v2\/product"}],"about":[{"href":"https:\/\/arketipo.com\/fr\/wp-json\/wp\/v2\/types\/product"}],"replies":[{"embeddable":true,"href":"https:\/\/arketipo.com\/fr\/wp-json\/wp\/v2\/comments?post=57042"}],"wp:featuredmedia":[{"embeddable":true,"href":"https:\/\/arketipo.com\/fr\/wp-json\/wp\/v2\/media\/56751"}],"wp:attachment":[{"href":"https:\/\/arketipo.com\/fr\/wp-json\/wp\/v2\/media?parent=57042"}],"wp:term":[{"taxonomy":"product_brand","embeddable":true,"href":"https:\/\/arketipo.com\/fr\/wp-json\/wp\/v2\/product_brand?post=57042"},{"taxonomy":"product_cat","embeddable":true,"href":"https:\/\/arketipo.com\/fr\/wp-json\/wp\/v2\/product_cat?post=57042"},{"taxonomy":"product_tag","embeddable":true,"href":"https:\/\/arketipo.com\/fr\/wp-json\/wp\/v2\/product_tag?post=57042"}],"curies":[{"name":"wp","href":"https:\/\/api.w.org\/{rel}","templated":true}]}}