{"id":58958,"date":"2025-12-03T14:34:30","date_gmt":"2025-12-03T13:34:30","guid":{"rendered":"https:\/\/arketipo.com\/?post_type=product&#038;p=58958"},"modified":"2025-12-03T14:36:35","modified_gmt":"2025-12-03T13:36:35","slug":"cuir-a-aniline-copia","status":"publish","type":"product","link":"https:\/\/arketipo.com\/fr\/prodotto\/cuir-a-aniline-copia\/","title":{"rendered":"Pelle B Anilina"},"content":{"rendered":"","protected":false},"excerpt":{"rendered":"<p>Ce cuir est une pure aniline pleine fleur tann\u00e9e avec des huiles naturelles et sp\u00e9cialement trait\u00e9e pour faire ressortir les pores du cuir. Les cuirs \u00e0 l&rsquo;aniline sont synonymes de qualit\u00e9 et de valeur sup\u00e9rieures. Sans finition couvrante, ils font ressortir les caract\u00e9ristiques uniques du cuir, en mettant en \u00e9vidence son grain naturel et ses imperfections, qui deviennent une note distinctive qui rend le produit encore plus prestigieux. Les variations de couleur d&rsquo;une livraison \u00e0 l&rsquo;autre et, dans certains cas, entre les cuirs utilis\u00e9s pour un m\u00eame canap\u00e9, sont une caract\u00e9ristique in\u00e9vitable des cuirs teints \u00e0 l&rsquo;aniline. Lors d&rsquo;une utilisation normale du canap\u00e9, le cuir devient plus brillant aux endroits o\u00f9 il est le plus frott\u00e9. Pour un nettoyage normal, d\u00e9poussi\u00e9rez avec un chiffon doux et sec. N&rsquo;utilisez aucun produit abrasif ou agressif.     <\/p>\n","protected":false},"featured_media":58946,"comment_status":"closed","ping_status":"closed","template":"","meta":[],"product_brand":[],"product_cat":[193],"product_tag":[485],"class_list":{"0":"post-58958","1":"product","2":"type-product","3":"status-publish","4":"has-post-thumbnail","6":"product_cat-peaux-fr","7":"product_tag-cuir-b","9":"first","10":"instock","11":"product-type-simple"},"_links":{"self":[{"href":"https:\/\/arketipo.com\/fr\/wp-json\/wp\/v2\/product\/58958","targetHints":{"allow":["GET"]}}],"collection":[{"href":"https:\/\/arketipo.com\/fr\/wp-json\/wp\/v2\/product"}],"about":[{"href":"https:\/\/arketipo.com\/fr\/wp-json\/wp\/v2\/types\/product"}],"replies":[{"embeddable":true,"href":"https:\/\/arketipo.com\/fr\/wp-json\/wp\/v2\/comments?post=58958"}],"wp:featuredmedia":[{"embeddable":true,"href":"https:\/\/arketipo.com\/fr\/wp-json\/wp\/v2\/media\/58946"}],"wp:attachment":[{"href":"https:\/\/arketipo.com\/fr\/wp-json\/wp\/v2\/media?parent=58958"}],"wp:term":[{"taxonomy":"product_brand","embeddable":true,"href":"https:\/\/arketipo.com\/fr\/wp-json\/wp\/v2\/product_brand?post=58958"},{"taxonomy":"product_cat","embeddable":true,"href":"https:\/\/arketipo.com\/fr\/wp-json\/wp\/v2\/product_cat?post=58958"},{"taxonomy":"product_tag","embeddable":true,"href":"https:\/\/arketipo.com\/fr\/wp-json\/wp\/v2\/product_tag?post=58958"}],"curies":[{"name":"wp","href":"https:\/\/api.w.org\/{rel}","templated":true}]}}