{"id":60605,"date":"2026-04-17T15:16:46","date_gmt":"2026-04-17T13:16:46","guid":{"rendered":"https:\/\/arketipo.com\/?post_type=product&#038;p=60605"},"modified":"2026-04-17T15:16:46","modified_gmt":"2026-04-17T13:16:46","slug":"elements","status":"publish","type":"product","link":"https:\/\/arketipo.com\/fr\/prodotto\/elements\/","title":{"rendered":"Elements"},"content":{"rendered":"<p>Une architecture qui d\u00e9fie le temps et la perception, o\u00f9 le design devient un monument et o\u00f9 le mat\u00e9riau se transforme en r\u00e9cit : la table <strong>Elements<\/strong> est un hymne \u00e0 la g\u00e9om\u00e9trie complexe et au luxe artisanal. Le c\u0153ur battant du projet r\u00e9side dans ses bases sculpturales, des volumes audacieux d\u00e9finis par un jeu raffin\u00e9 de plis et de surfaces polygonales qui capturent la lumi\u00e8re dans un embo\u00eetement dynamique d&rsquo;angles.<br \/>\nSur ces pi\u00e9destaux \u00e0 facettes, presque comme des gemmes brutes serties dans la roche, \u00e9mergent de pr\u00e9cieux inserts en marbre vert \u00e9meraude, strat\u00e9giquement positionn\u00e9s pour interrompre la continuit\u00e9 du m\u00e9tal avec des vibrations min\u00e9rales profondes. Au-dessus de ce dynamisme architectural s&rsquo;\u00e9tend un grand plateau en bois noir mat, une surface solide et velout\u00e9e au toucher qui conf\u00e8re \u00e9quilibre et solennit\u00e9 \u00e0 l&rsquo;ensemble de la composition.<br \/>\nPour sanctionner l&rsquo;union entre la structure et le plateau, une majestueuse bande centrale de marbre vert \u00e9meraude traverse le bois dans le sens de la longueur, cr\u00e9ant un pont visuel qui c\u00e9l\u00e8bre l&rsquo;harmonie des oppos\u00e9s. <strong>Elements<\/strong> n&rsquo;est pas une simple table, mais un point de rencontre o\u00f9 la rigueur du bois sombre et la pr\u00e9ciosit\u00e9 du marbre se fondent en une esth\u00e9tique intemporelle, capable d&rsquo;habiter l&rsquo;espace avec une pr\u00e9sence charismatique et ind\u00e9l\u00e9bile.<\/p>\n","protected":false},"excerpt":{"rendered":"<p>Une architecture qui d\u00e9fie le temps et la perception, o\u00f9 le design devient un monument et o\u00f9 le mat\u00e9riau se transforme en r\u00e9cit : la table Elements est un hymne \u00e0 la g\u00e9om\u00e9trie complexe et au luxe artisanal. Le c\u0153ur battant du projet r\u00e9side dans ses bases sculpturales, des volumes audacieux d\u00e9finis par un jeu [&hellip;]<\/p>\n","protected":false},"featured_media":60403,"comment_status":"closed","ping_status":"closed","template":"","meta":[],"product_brand":[],"product_cat":[187,191,197],"product_tag":[],"class_list":{"0":"post-60605","1":"product","2":"type-product","3":"status-publish","4":"has-post-thumbnail","6":"product_cat-indoor-fr","7":"product_cat-nouvelle-collection","8":"product_cat-tableaux","10":"first","11":"instock","12":"shipping-taxable","13":"product-type-simple"},"_links":{"self":[{"href":"https:\/\/arketipo.com\/fr\/wp-json\/wp\/v2\/product\/60605","targetHints":{"allow":["GET"]}}],"collection":[{"href":"https:\/\/arketipo.com\/fr\/wp-json\/wp\/v2\/product"}],"about":[{"href":"https:\/\/arketipo.com\/fr\/wp-json\/wp\/v2\/types\/product"}],"replies":[{"embeddable":true,"href":"https:\/\/arketipo.com\/fr\/wp-json\/wp\/v2\/comments?post=60605"}],"wp:featuredmedia":[{"embeddable":true,"href":"https:\/\/arketipo.com\/fr\/wp-json\/wp\/v2\/media\/60403"}],"wp:attachment":[{"href":"https:\/\/arketipo.com\/fr\/wp-json\/wp\/v2\/media?parent=60605"}],"wp:term":[{"taxonomy":"product_brand","embeddable":true,"href":"https:\/\/arketipo.com\/fr\/wp-json\/wp\/v2\/product_brand?post=60605"},{"taxonomy":"product_cat","embeddable":true,"href":"https:\/\/arketipo.com\/fr\/wp-json\/wp\/v2\/product_cat?post=60605"},{"taxonomy":"product_tag","embeddable":true,"href":"https:\/\/arketipo.com\/fr\/wp-json\/wp\/v2\/product_tag?post=60605"}],"curies":[{"name":"wp","href":"https:\/\/api.w.org\/{rel}","templated":true}]}}