{"id":60609,"date":"2026-04-17T15:16:26","date_gmt":"2026-04-17T13:16:26","guid":{"rendered":"https:\/\/arketipo.com\/?post_type=product&#038;p=60609"},"modified":"2026-04-17T15:16:26","modified_gmt":"2026-04-17T13:16:26","slug":"materia","status":"publish","type":"product","link":"https:\/\/arketipo.com\/fr\/prodotto\/materia\/","title":{"rendered":"Materia"},"content":{"rendered":"<p>Imaginez un objet qui semble surgir directement des couches de la terre, un meuble qui c\u00e9l\u00e8bre la rencontre primordiale entre la force et la l\u00e9g\u00e8ret\u00e9. Au c\u0153ur de ce design vibre un contraste magn\u00e9tique : d&rsquo;une part, la stabilit\u00e9 monumentale d&rsquo;un cylindre m\u00e9tallique, une pr\u00e9sence compacte qui s&rsquo;impose dans l&rsquo;espace avec l&rsquo;assurance d&rsquo;un totem antique. Sa surface, en or poli ou en chrome, n&rsquo;est pas lisse mais savamment martel\u00e9e, transformant le reflet m\u00e9tallique en un jeu dynamique d&rsquo;ombre et de lumi\u00e8re qui semble presque bouger au passage du regard.<br \/>\nAu-dessus de cette base solide et mat\u00e9rielle, le sommet s&rsquo;\u00e9tire comme une forme libre, une \u00eele irr\u00e9guli\u00e8re qui semble flotter dans l&rsquo;air, d\u00e9fiant les lois de la physique. Qu&rsquo;il s&rsquo;agisse de la transparence profonde du verre couleur \u00e9meraude ou bronze, capable de capter le plus timide rayon de lumi\u00e8re, ou de la solennit\u00e9 sculpturale du marbre vert \u00e9meraude, dont les veines blanches dessinent des cartes de mondes lointains, chaque plateau raconte une histoire d&rsquo;\u00e9l\u00e9gance organique. C&rsquo;est dans cet \u00e9quilibre parfait entre la rigueur du m\u00e9tal forg\u00e9 et la libert\u00e9 d&rsquo;une forme non conventionnelle que les tables basses cessent d&rsquo;\u00eatre de simples objets de service pour devenir des sculptures du quotidien, des fragments d&rsquo;un paysage min\u00e9ral qui font entrer l&rsquo;\u00e2me d&rsquo;une nature palpitante au c\u0153ur de l&rsquo;habitat contemporain.    <\/p>\n","protected":false},"excerpt":{"rendered":"<p>Imaginez un objet qui semble surgir directement des couches de la terre, un meuble qui c\u00e9l\u00e8bre la rencontre primordiale entre la force et la l\u00e9g\u00e8ret\u00e9. Au c\u0153ur de ce design vibre un contraste magn\u00e9tique : d&rsquo;une part, la stabilit\u00e9 monumentale d&rsquo;un cylindre m\u00e9tallique, une pr\u00e9sence compacte qui s&rsquo;impose dans l&rsquo;espace avec l&rsquo;assurance d&rsquo;un totem antique. [&hellip;]<\/p>\n","protected":false},"featured_media":60454,"comment_status":"closed","ping_status":"closed","template":"","meta":[],"product_brand":[],"product_cat":[187,191,198],"product_tag":[],"class_list":{"0":"post-60609","1":"product","2":"type-product","3":"status-publish","4":"has-post-thumbnail","6":"product_cat-indoor-fr","7":"product_cat-nouvelle-collection","8":"product_cat-petites-tables","10":"first","11":"instock","12":"shipping-taxable","13":"product-type-simple"},"_links":{"self":[{"href":"https:\/\/arketipo.com\/fr\/wp-json\/wp\/v2\/product\/60609","targetHints":{"allow":["GET"]}}],"collection":[{"href":"https:\/\/arketipo.com\/fr\/wp-json\/wp\/v2\/product"}],"about":[{"href":"https:\/\/arketipo.com\/fr\/wp-json\/wp\/v2\/types\/product"}],"replies":[{"embeddable":true,"href":"https:\/\/arketipo.com\/fr\/wp-json\/wp\/v2\/comments?post=60609"}],"wp:featuredmedia":[{"embeddable":true,"href":"https:\/\/arketipo.com\/fr\/wp-json\/wp\/v2\/media\/60454"}],"wp:attachment":[{"href":"https:\/\/arketipo.com\/fr\/wp-json\/wp\/v2\/media?parent=60609"}],"wp:term":[{"taxonomy":"product_brand","embeddable":true,"href":"https:\/\/arketipo.com\/fr\/wp-json\/wp\/v2\/product_brand?post=60609"},{"taxonomy":"product_cat","embeddable":true,"href":"https:\/\/arketipo.com\/fr\/wp-json\/wp\/v2\/product_cat?post=60609"},{"taxonomy":"product_tag","embeddable":true,"href":"https:\/\/arketipo.com\/fr\/wp-json\/wp\/v2\/product_tag?post=60609"}],"curies":[{"name":"wp","href":"https:\/\/api.w.org\/{rel}","templated":true}]}}