{"id":60614,"date":"2026-04-17T15:16:54","date_gmt":"2026-04-17T13:16:54","guid":{"rendered":"https:\/\/arketipo.com\/?post_type=product&#038;p=60614"},"modified":"2026-04-17T15:16:55","modified_gmt":"2026-04-17T13:16:55","slug":"moustache","status":"publish","type":"product","link":"https:\/\/arketipo.com\/fr\/prodotto\/moustache\/","title":{"rendered":"Moustache"},"content":{"rendered":"<p>Une \u00e9l\u00e9gance sculpturale qui se r\u00e9v\u00e8le par contraste, un dialogue entre la pr\u00e9sence monolithique de la base et l&rsquo;explosion inattendue de la couleur. Ces tables basses naissent d&rsquo;un noyau de caract\u00e8re, envelopp\u00e9 d&rsquo;une coque ext\u00e9rieure de finition m\u00e9tallique pure. Que l&rsquo;on choisisse l&rsquo;or brillant, avec ses reflets chauds \u00e9voquant le luxe classique, ou le noir brillant, une obscurit\u00e9 liquide et myst\u00e9rieuse, la perception est celle d&rsquo;un volume pr\u00e9cieux, presque architectural.<br \/>\nCependant, le v\u00e9ritable secret de cette collection r\u00e9side dans son int\u00e9rieur, accessible uniquement par le jeu des regards avec la surface. L\u00e0, o\u00f9 la structure se plie et cr\u00e9e des creux, se cache une laque int\u00e9rieure contrast\u00e9e, vibrante et d\u00e9finie, disponible en rouge profond ou en bleu profond. Ce choix de couleur n&rsquo;est pas une simple finition, mais une \u00e2me cach\u00e9e qui peut \u00eatre aper\u00e7ue \u00e0 travers la transparence d&rsquo;un plateau en verre tremp\u00e9 de haute qualit\u00e9. Le verre ne se contente pas de prot\u00e9ger l&rsquo;ensemble du design, il en assure \u00e9galement la finition, lui conf\u00e9rant une l\u00e9g\u00e8ret\u00e9 visuelle inattendue et cr\u00e9ant une illusion de profondeur qui met en valeur l&rsquo;imposante structure qui se trouve en dessous.     <\/p>\n","protected":false},"excerpt":{"rendered":"<p>Une \u00e9l\u00e9gance sculpturale qui se r\u00e9v\u00e8le par contraste, un dialogue entre la pr\u00e9sence monolithique de la base et l&rsquo;explosion inattendue de la couleur. Ces tables basses naissent d&rsquo;un noyau de caract\u00e8re, envelopp\u00e9 d&rsquo;une coque ext\u00e9rieure de finition m\u00e9tallique pure. Que l&rsquo;on choisisse l&rsquo;or brillant, avec ses reflets chauds \u00e9voquant le luxe classique, ou le noir [&hellip;]<\/p>\n","protected":false},"featured_media":60515,"comment_status":"closed","ping_status":"closed","template":"","meta":[],"product_brand":[],"product_cat":[187,191,198],"product_tag":[],"class_list":{"0":"post-60614","1":"product","2":"type-product","3":"status-publish","4":"has-post-thumbnail","6":"product_cat-indoor-fr","7":"product_cat-nouvelle-collection","8":"product_cat-petites-tables","10":"first","11":"instock","12":"shipping-taxable","13":"product-type-simple"},"_links":{"self":[{"href":"https:\/\/arketipo.com\/fr\/wp-json\/wp\/v2\/product\/60614","targetHints":{"allow":["GET"]}}],"collection":[{"href":"https:\/\/arketipo.com\/fr\/wp-json\/wp\/v2\/product"}],"about":[{"href":"https:\/\/arketipo.com\/fr\/wp-json\/wp\/v2\/types\/product"}],"replies":[{"embeddable":true,"href":"https:\/\/arketipo.com\/fr\/wp-json\/wp\/v2\/comments?post=60614"}],"wp:featuredmedia":[{"embeddable":true,"href":"https:\/\/arketipo.com\/fr\/wp-json\/wp\/v2\/media\/60515"}],"wp:attachment":[{"href":"https:\/\/arketipo.com\/fr\/wp-json\/wp\/v2\/media?parent=60614"}],"wp:term":[{"taxonomy":"product_brand","embeddable":true,"href":"https:\/\/arketipo.com\/fr\/wp-json\/wp\/v2\/product_brand?post=60614"},{"taxonomy":"product_cat","embeddable":true,"href":"https:\/\/arketipo.com\/fr\/wp-json\/wp\/v2\/product_cat?post=60614"},{"taxonomy":"product_tag","embeddable":true,"href":"https:\/\/arketipo.com\/fr\/wp-json\/wp\/v2\/product_tag?post=60614"}],"curies":[{"name":"wp","href":"https:\/\/api.w.org\/{rel}","templated":true}]}}