{"id":60618,"date":"2026-04-17T15:16:36","date_gmt":"2026-04-17T13:16:36","guid":{"rendered":"https:\/\/arketipo.com\/?post_type=product&#038;p=60618"},"modified":"2026-04-17T15:16:36","modified_gmt":"2026-04-17T13:16:36","slug":"sienna-side","status":"publish","type":"product","link":"https:\/\/arketipo.com\/fr\/prodotto\/sienna-side\/","title":{"rendered":"Sienna Side"},"content":{"rendered":"<p>Une essence n\u00e9e d&rsquo;un d\u00e9sir de synth\u00e8se, o\u00f9 l&rsquo;accueil sculptural se d\u00e9pouille du superflu pour devenir pure silhouette : la chaise <strong>Sienna<\/strong> revisite l&rsquo;h\u00e9ritage de la c\u00e9l\u00e8bre version Grand dans un nouvel habillage, plus fin et plus polyvalent. En \u00e9liminant les accoudoirs, le design se lib\u00e8re vers une nouvelle agilit\u00e9 visuelle, tout en gardant intacte cette \u00e2me iconique qui fusionne rigueur architecturale et douceur sartoriale.<br \/>\nLe dossier en demi-lune, signe distinctif de la collection, semble s&rsquo;\u00e9lever naturellement des pieds \u00e0 section circulaire, d\u00e9finissant un volume monolithique et coh\u00e9rent qui enveloppe discr\u00e8tement le corps. Chaque ligne est con\u00e7ue pour offrir un maximum de confort gr\u00e2ce \u00e0 un design sec et proportionn\u00e9, o\u00f9 la mati\u00e8re du rembourrage ne fait qu&rsquo;un avec la structure. La chaise se transforme ainsi en un objet tot\u00e9mique, capable d&rsquo;habiter la salle \u00e0 manger avec une \u00e9l\u00e9gance silencieuse et une pr\u00e9sence sculpturale qui c\u00e9l\u00e8bre la beaut\u00e9 de la forme pure.   <\/p>\n","protected":false},"excerpt":{"rendered":"<p>Une essence n\u00e9e d&rsquo;un d\u00e9sir de synth\u00e8se, o\u00f9 l&rsquo;accueil sculptural se d\u00e9pouille du superflu pour devenir pure silhouette : la chaise Sienna revisite l&rsquo;h\u00e9ritage de la c\u00e9l\u00e8bre version Grand dans un nouvel habillage, plus fin et plus polyvalent. En \u00e9liminant les accoudoirs, le design se lib\u00e8re vers une nouvelle agilit\u00e9 visuelle, tout en gardant intacte [&hellip;]<\/p>\n","protected":false},"featured_media":60586,"comment_status":"closed","ping_status":"closed","template":"","meta":[],"product_brand":[],"product_cat":[195,187,191],"product_tag":[],"class_list":{"0":"post-60618","1":"product","2":"type-product","3":"status-publish","4":"has-post-thumbnail","6":"product_cat-chaises","7":"product_cat-indoor-fr","8":"product_cat-nouvelle-collection","10":"first","11":"instock","12":"shipping-taxable","13":"product-type-simple"},"_links":{"self":[{"href":"https:\/\/arketipo.com\/fr\/wp-json\/wp\/v2\/product\/60618","targetHints":{"allow":["GET"]}}],"collection":[{"href":"https:\/\/arketipo.com\/fr\/wp-json\/wp\/v2\/product"}],"about":[{"href":"https:\/\/arketipo.com\/fr\/wp-json\/wp\/v2\/types\/product"}],"replies":[{"embeddable":true,"href":"https:\/\/arketipo.com\/fr\/wp-json\/wp\/v2\/comments?post=60618"}],"wp:featuredmedia":[{"embeddable":true,"href":"https:\/\/arketipo.com\/fr\/wp-json\/wp\/v2\/media\/60586"}],"wp:attachment":[{"href":"https:\/\/arketipo.com\/fr\/wp-json\/wp\/v2\/media?parent=60618"}],"wp:term":[{"taxonomy":"product_brand","embeddable":true,"href":"https:\/\/arketipo.com\/fr\/wp-json\/wp\/v2\/product_brand?post=60618"},{"taxonomy":"product_cat","embeddable":true,"href":"https:\/\/arketipo.com\/fr\/wp-json\/wp\/v2\/product_cat?post=60618"},{"taxonomy":"product_tag","embeddable":true,"href":"https:\/\/arketipo.com\/fr\/wp-json\/wp\/v2\/product_tag?post=60618"}],"curies":[{"name":"wp","href":"https:\/\/api.w.org\/{rel}","templated":true}]}}