{"id":60724,"date":"2026-04-17T15:16:08","date_gmt":"2026-04-17T13:16:08","guid":{"rendered":"https:\/\/arketipo.com\/?post_type=product&#038;p=60724"},"modified":"2026-04-17T15:16:09","modified_gmt":"2026-04-17T13:16:09","slug":"spring","status":"publish","type":"product","link":"https:\/\/arketipo.com\/fr\/prodotto\/spring\/","title":{"rendered":"Spring"},"content":{"rendered":"<p>Une ic\u00f4ne suspendue entre pass\u00e9 et futur. Des d\u00e9cennies apr\u00e8s sa premi\u00e8re sortie futuriste, le fauteuil <strong>SPRING<\/strong>, chef-d&rsquo;\u0153uvre du design, est de nouveau propos\u00e9 dans un restylage sophistiqu\u00e9 qui met en valeur son essence intemporelle. <strong>SPRING<\/strong> n&rsquo;est pas simplement un fauteuil, mais une exp\u00e9rience conceptuelle de l\u00e9g\u00e8ret\u00e9 et de confort extr\u00eame. Sa caract\u00e9ristique la plus distinctive reste l&rsquo;assise enti\u00e8rement en porte-\u00e0-faux : le panier de l&rsquo;assise, con\u00e7u comme un noyau doux et confortable, semble suspendu comme par magie dans le vide. Cette illusion est rendue possible par une ing\u00e9nieuse structure carr\u00e9e \u00e0 laquelle est fix\u00e9 le cadre rembourr\u00e9 \u00e0 section cylindrique. Ce cadre enveloppant, presque une sculpture tubulaire, remplit les fonctions d&rsquo;accoudoir et de dossier avec une continuit\u00e9 formelle, cr\u00e9ant un p\u00e9rim\u00e8tre de protection autour de l&rsquo;utilisateur. Avec le nouveau restyling, les mat\u00e9riaux ont \u00e9t\u00e9 am\u00e9lior\u00e9s pour offrir des performances techniques sup\u00e9rieures et une tactilit\u00e9 encore plus raffin\u00e9e, tandis que l&rsquo;effet de suspension pure a \u00e9t\u00e9 accentu\u00e9, devenant ainsi le centre visuel du si\u00e8ge. <strong>SPRING<\/strong> est de retour pour r\u00e9affirmer l&rsquo;audace d&rsquo;un design qui, aujourd&rsquo;hui comme hier, continue \u00e0 red\u00e9finir les limites de l&rsquo;espace et de la d\u00e9tente.<\/p>\n","protected":false},"excerpt":{"rendered":"<p>Une ic\u00f4ne suspendue entre pass\u00e9 et futur. Des d\u00e9cennies apr\u00e8s sa premi\u00e8re sortie futuriste, le fauteuil SPRING, chef-d&rsquo;\u0153uvre du design, est de nouveau propos\u00e9 dans un restylage sophistiqu\u00e9 qui met en valeur son essence intemporelle. SPRING n&rsquo;est pas simplement un fauteuil, mais une exp\u00e9rience conceptuelle de l\u00e9g\u00e8ret\u00e9 et de confort extr\u00eame. Sa caract\u00e9ristique la plus [&hellip;]<\/p>\n","protected":false},"featured_media":60705,"comment_status":"closed","ping_status":"closed","template":"","meta":[],"product_brand":[],"product_cat":[194,187,191],"product_tag":[],"class_list":{"0":"post-60724","1":"product","2":"type-product","3":"status-publish","4":"has-post-thumbnail","6":"product_cat-canapes","7":"product_cat-indoor-fr","8":"product_cat-nouvelle-collection","10":"first","11":"instock","12":"shipping-taxable","13":"product-type-simple"},"_links":{"self":[{"href":"https:\/\/arketipo.com\/fr\/wp-json\/wp\/v2\/product\/60724","targetHints":{"allow":["GET"]}}],"collection":[{"href":"https:\/\/arketipo.com\/fr\/wp-json\/wp\/v2\/product"}],"about":[{"href":"https:\/\/arketipo.com\/fr\/wp-json\/wp\/v2\/types\/product"}],"replies":[{"embeddable":true,"href":"https:\/\/arketipo.com\/fr\/wp-json\/wp\/v2\/comments?post=60724"}],"wp:featuredmedia":[{"embeddable":true,"href":"https:\/\/arketipo.com\/fr\/wp-json\/wp\/v2\/media\/60705"}],"wp:attachment":[{"href":"https:\/\/arketipo.com\/fr\/wp-json\/wp\/v2\/media?parent=60724"}],"wp:term":[{"taxonomy":"product_brand","embeddable":true,"href":"https:\/\/arketipo.com\/fr\/wp-json\/wp\/v2\/product_brand?post=60724"},{"taxonomy":"product_cat","embeddable":true,"href":"https:\/\/arketipo.com\/fr\/wp-json\/wp\/v2\/product_cat?post=60724"},{"taxonomy":"product_tag","embeddable":true,"href":"https:\/\/arketipo.com\/fr\/wp-json\/wp\/v2\/product_tag?post=60724"}],"curies":[{"name":"wp","href":"https:\/\/api.w.org\/{rel}","templated":true}]}}