{"id":60771,"date":"2026-04-17T15:16:00","date_gmt":"2026-04-17T13:16:00","guid":{"rendered":"https:\/\/arketipo.com\/?post_type=product&#038;p=60771"},"modified":"2026-04-17T15:16:01","modified_gmt":"2026-04-17T13:16:01","slug":"more","status":"publish","type":"product","link":"https:\/\/arketipo.com\/fr\/prodotto\/more\/","title":{"rendered":"More"},"content":{"rendered":"<p>Une architecture silencieuse qui habite l&rsquo;espace avec la gr\u00e2ce d&rsquo;un signe graphique : cette nouvelle biblioth\u00e8que se r\u00e9v\u00e8le \u00e0 travers un design filiforme et vertical, con\u00e7u pour agir comme un diaphragme visuel sophistiqu\u00e9. Plus qu&rsquo;un simple contenant, l&rsquo;\u00e9l\u00e9ment devient une membrane l\u00e9g\u00e8re capable de d\u00e9limiter les espaces sans jamais les fermer, en permettant au regard et \u00e0 la lumi\u00e8re de circuler librement. La structure trouve son expression maximale dans les d\u00e9tails mat\u00e9riels, o\u00f9 les \u00e9tag\u00e8res en bois, finement fa\u00e7onn\u00e9es avec un doux profil de caisse \u00e0 savon, \u00e9liminent tous les bords pour embrasser une esth\u00e9tique fluide et naturelle.<br \/>\nGr\u00e2ce \u00e0 sa configuration polyvalente, qui lui permet d&rsquo;\u00eatre ancr\u00e9 du sol au plafond ou du sol au mur, le syst\u00e8me se pr\u00eate parfaitement \u00e0 vivre comme un protagoniste au centre de la pi\u00e8ce, se transformant en une cloison \u00e9th\u00e9r\u00e9e qui organise le salon avec un luxe discret et une rigueur intemporelle.  <\/p>\n","protected":false},"excerpt":{"rendered":"<p>Une architecture silencieuse qui habite l&rsquo;espace avec la gr\u00e2ce d&rsquo;un signe graphique : cette nouvelle biblioth\u00e8que se r\u00e9v\u00e8le \u00e0 travers un design filiforme et vertical, con\u00e7u pour agir comme un diaphragme visuel sophistiqu\u00e9. Plus qu&rsquo;un simple contenant, l&rsquo;\u00e9l\u00e9ment devient une membrane l\u00e9g\u00e8re capable de d\u00e9limiter les espaces sans jamais les fermer, en permettant au regard [&hellip;]<\/p>\n","protected":false},"featured_media":60742,"comment_status":"closed","ping_status":"closed","template":"","meta":[],"product_brand":[],"product_cat":[183,187,191],"product_tag":[],"class_list":{"0":"post-60771","1":"product","2":"type-product","3":"status-publish","4":"has-post-thumbnail","6":"product_cat-complementos","7":"product_cat-indoor-fr","8":"product_cat-nouvelle-collection","10":"first","11":"instock","12":"shipping-taxable","13":"product-type-simple"},"_links":{"self":[{"href":"https:\/\/arketipo.com\/fr\/wp-json\/wp\/v2\/product\/60771","targetHints":{"allow":["GET"]}}],"collection":[{"href":"https:\/\/arketipo.com\/fr\/wp-json\/wp\/v2\/product"}],"about":[{"href":"https:\/\/arketipo.com\/fr\/wp-json\/wp\/v2\/types\/product"}],"replies":[{"embeddable":true,"href":"https:\/\/arketipo.com\/fr\/wp-json\/wp\/v2\/comments?post=60771"}],"wp:featuredmedia":[{"embeddable":true,"href":"https:\/\/arketipo.com\/fr\/wp-json\/wp\/v2\/media\/60742"}],"wp:attachment":[{"href":"https:\/\/arketipo.com\/fr\/wp-json\/wp\/v2\/media?parent=60771"}],"wp:term":[{"taxonomy":"product_brand","embeddable":true,"href":"https:\/\/arketipo.com\/fr\/wp-json\/wp\/v2\/product_brand?post=60771"},{"taxonomy":"product_cat","embeddable":true,"href":"https:\/\/arketipo.com\/fr\/wp-json\/wp\/v2\/product_cat?post=60771"},{"taxonomy":"product_tag","embeddable":true,"href":"https:\/\/arketipo.com\/fr\/wp-json\/wp\/v2\/product_tag?post=60771"}],"curies":[{"name":"wp","href":"https:\/\/api.w.org\/{rel}","templated":true}]}}