{"id":60774,"date":"2026-04-17T15:16:17","date_gmt":"2026-04-17T13:16:17","guid":{"rendered":"https:\/\/arketipo.com\/?post_type=product&#038;p=60774"},"modified":"2026-04-17T15:16:18","modified_gmt":"2026-04-17T13:16:18","slug":"santos-xl","status":"publish","type":"product","link":"https:\/\/arketipo.com\/fr\/prodotto\/santos-xl\/","title":{"rendered":"Santos XL"},"content":{"rendered":"<p>L&rsquo;\u00e9volution d&rsquo;une ic\u00f4ne, o\u00f9 le confort rencontre la libert\u00e9 du design modulaire : le canap\u00e9 Santos XL se transforme, adoptant une nouvelle esth\u00e9tique qui privil\u00e9gie la fluidit\u00e9 et le confort visuel. Dans cette nouvelle interpr\u00e9tation, le design a subi un profond remodelage qui a transform\u00e9 ses caract\u00e9ristiques rigoureuses en formes plus arrondies et plus douces. <\/p>\n<p>La structure alv\u00e9olaire sous-jacente, solide et mat\u00e9rielle, reste l&rsquo;\u00e9pine dorsale du design, mais elle accueille d\u00e9sormais de g\u00e9n\u00e9reux volumes rembourr\u00e9s qui semblent se fondre les uns dans les autres dans un flux continu. Inspir\u00e9 par la libert\u00e9 des ann\u00e9es 1970, mais r\u00e9interpr\u00e9t\u00e9 avec une \u00e9l\u00e9gance architecturale contemporaine, le Santos XL n&rsquo;est pas un simple meuble, mais une v\u00e9ritable architecture de la d\u00e9tente, con\u00e7ue pour cr\u00e9er de grands \u00eelots de confort gr\u00e2ce \u00e0 sa structure polyvalente, dans le cadre d&rsquo;une vie ext\u00e9rieure luxueuse, en tant que s\u00e9paration de grands espaces gazonn\u00e9s ou de terrasses. <\/p>\n","protected":false},"excerpt":{"rendered":"<p>L&rsquo;\u00e9volution d&rsquo;une ic\u00f4ne, o\u00f9 le confort rencontre la libert\u00e9 du design modulaire : le canap\u00e9 Santos XL se transforme, adoptant une nouvelle esth\u00e9tique qui privil\u00e9gie la fluidit\u00e9 et le confort visuel. Dans cette nouvelle interpr\u00e9tation, le design a subi un profond remodelage qui a transform\u00e9 ses caract\u00e9ristiques rigoureuses en formes plus arrondies et plus douces. [&hellip;]<\/p>\n","protected":false},"featured_media":60679,"comment_status":"closed","ping_status":"closed","template":"","meta":[],"product_brand":[],"product_cat":[157,191,192,184],"product_tag":[],"class_list":{"0":"post-60774","1":"product","2":"type-product","3":"status-publish","4":"has-post-thumbnail","6":"product_cat-non-categorise","7":"product_cat-nouvelle-collection","8":"product_cat-outdoor-fr","9":"product_cat-sofas-fr","11":"first","12":"instock","13":"shipping-taxable","14":"product-type-simple"},"_links":{"self":[{"href":"https:\/\/arketipo.com\/fr\/wp-json\/wp\/v2\/product\/60774","targetHints":{"allow":["GET"]}}],"collection":[{"href":"https:\/\/arketipo.com\/fr\/wp-json\/wp\/v2\/product"}],"about":[{"href":"https:\/\/arketipo.com\/fr\/wp-json\/wp\/v2\/types\/product"}],"replies":[{"embeddable":true,"href":"https:\/\/arketipo.com\/fr\/wp-json\/wp\/v2\/comments?post=60774"}],"wp:featuredmedia":[{"embeddable":true,"href":"https:\/\/arketipo.com\/fr\/wp-json\/wp\/v2\/media\/60679"}],"wp:attachment":[{"href":"https:\/\/arketipo.com\/fr\/wp-json\/wp\/v2\/media?parent=60774"}],"wp:term":[{"taxonomy":"product_brand","embeddable":true,"href":"https:\/\/arketipo.com\/fr\/wp-json\/wp\/v2\/product_brand?post=60774"},{"taxonomy":"product_cat","embeddable":true,"href":"https:\/\/arketipo.com\/fr\/wp-json\/wp\/v2\/product_cat?post=60774"},{"taxonomy":"product_tag","embeddable":true,"href":"https:\/\/arketipo.com\/fr\/wp-json\/wp\/v2\/product_tag?post=60774"}],"curies":[{"name":"wp","href":"https:\/\/api.w.org\/{rel}","templated":true}]}}