{"id":60815,"date":"2026-04-17T15:15:33","date_gmt":"2026-04-17T13:15:33","guid":{"rendered":"https:\/\/arketipo.com\/?post_type=product&#038;p=60815"},"modified":"2026-04-17T15:15:33","modified_gmt":"2026-04-17T13:15:33","slug":"sienna-stool","status":"publish","type":"product","link":"https:\/\/arketipo.com\/fr\/prodotto\/sienna-stool\/","title":{"rendered":"Sienna Stool"},"content":{"rendered":"<p>Une nouvelle perspective qui \u00e9l\u00e8ve le concept d&rsquo;hospitalit\u00e9, en portant l&rsquo;esth\u00e9tique sculpturale de la famille Sienna \u00e0 de nouveaux sommets : Sienna Stool s&rsquo;impose dans l&rsquo;espace comme une synth\u00e8se parfaite de l&rsquo;\u00e9lan vertical, du confort et de la rigueur mat\u00e9rielle. Il ne s&rsquo;agit pas d&rsquo;une simple variation d&rsquo;\u00e9chelle, mais d&rsquo;une pi\u00e8ce \u00e0 part enti\u00e8re, con\u00e7ue pour d\u00e9finir avec une personnalit\u00e9 tot\u00e9mique les \u00eelots de cuisine et les espaces de bar les plus raffin\u00e9s. <\/p>\n<p>Ses lignes, qui reprennent le dossier caract\u00e9ristique en demi-lune et les solides pieds circulaires, s&rsquo;allongent gracieusement, cr\u00e9ant un volume monolithique qui semble d\u00e9fier la gravit\u00e9. Enti\u00e8rement rembourr\u00e9 pour offrir une continuit\u00e9 visuelle et tactile ininterrompue, le tabouret transforme le moment de convivialit\u00e9 en une exp\u00e9rience de haut design. Avec sa silhouette \u00e9lanc\u00e9e mais imposante, le tabouret Sienna ne se contente pas de meubler, mais architecture l&rsquo;environnement, devenant le centre visuel d&rsquo;espaces contemporains o\u00f9 la fonctionnalit\u00e9 rencontre l&rsquo;art de la forme pure.  <\/p>\n","protected":false},"excerpt":{"rendered":"<p>Une nouvelle perspective qui \u00e9l\u00e8ve le concept d&rsquo;hospitalit\u00e9, en portant l&rsquo;esth\u00e9tique sculpturale de la famille Sienna \u00e0 de nouveaux sommets : Sienna Stool s&rsquo;impose dans l&rsquo;espace comme une synth\u00e8se parfaite de l&rsquo;\u00e9lan vertical, du confort et de la rigueur mat\u00e9rielle. Il ne s&rsquo;agit pas d&rsquo;une simple variation d&rsquo;\u00e9chelle, mais d&rsquo;une pi\u00e8ce \u00e0 part enti\u00e8re, con\u00e7ue [&hellip;]<\/p>\n","protected":false},"featured_media":60791,"comment_status":"closed","ping_status":"closed","template":"","meta":[],"product_brand":[],"product_cat":[195,191],"product_tag":[],"class_list":{"0":"post-60815","1":"product","2":"type-product","3":"status-publish","4":"has-post-thumbnail","6":"product_cat-chaises","7":"product_cat-nouvelle-collection","9":"first","10":"instock","11":"shipping-taxable","12":"product-type-simple"},"_links":{"self":[{"href":"https:\/\/arketipo.com\/fr\/wp-json\/wp\/v2\/product\/60815","targetHints":{"allow":["GET"]}}],"collection":[{"href":"https:\/\/arketipo.com\/fr\/wp-json\/wp\/v2\/product"}],"about":[{"href":"https:\/\/arketipo.com\/fr\/wp-json\/wp\/v2\/types\/product"}],"replies":[{"embeddable":true,"href":"https:\/\/arketipo.com\/fr\/wp-json\/wp\/v2\/comments?post=60815"}],"wp:featuredmedia":[{"embeddable":true,"href":"https:\/\/arketipo.com\/fr\/wp-json\/wp\/v2\/media\/60791"}],"wp:attachment":[{"href":"https:\/\/arketipo.com\/fr\/wp-json\/wp\/v2\/media?parent=60815"}],"wp:term":[{"taxonomy":"product_brand","embeddable":true,"href":"https:\/\/arketipo.com\/fr\/wp-json\/wp\/v2\/product_brand?post=60815"},{"taxonomy":"product_cat","embeddable":true,"href":"https:\/\/arketipo.com\/fr\/wp-json\/wp\/v2\/product_cat?post=60815"},{"taxonomy":"product_tag","embeddable":true,"href":"https:\/\/arketipo.com\/fr\/wp-json\/wp\/v2\/product_tag?post=60815"}],"curies":[{"name":"wp","href":"https:\/\/api.w.org\/{rel}","templated":true}]}}